{"id":1063,"date":"2019-06-21T17:28:28","date_gmt":"2019-06-21T17:28:28","guid":{"rendered":"http:\/\/motionmatters.ca\/?page_id=1063"},"modified":"2019-06-21T18:20:00","modified_gmt":"2019-06-21T18:20:00","slug":"john-campagna","status":"publish","type":"page","link":"https:\/\/motionmatters.ca\/fr\/a-propos\/john-campagna\/","title":{"rendered":"John Campagna"},"content":{"rendered":"<div class=\"wpb-content-wrapper\"><p>[vc_row][vc_column width=\u00a0\u00bb3\/4&Prime;][vc_row_inner][vc_column_inner width=\u00a0\u00bb1\/3&Prime;][vc_single_image image=\u00a0\u00bb1036&Prime; img_size=\u00a0\u00bblarge\u00a0\u00bb style=\u00a0\u00bbvc_box_shadow_border\u00a0\u00bb][\/vc_column_inner][vc_column_inner width=\u00a0\u00bb2\/3&Prime;][vc_empty_space][vc_column_text]<em><strong>Physioth\u00e9rapeutes<\/strong><\/em><\/p>\n<h3 class=\"title\">John Campagna<\/h3>\n<p>[\/vc_column_text][vc_single_image image=\u00a0\u00bb255&Prime; img_size=\u00a0\u00bbfull\u00a0\u00bb css=\u00a0\u00bb.vc_custom_1528158089104{margin-top: 0px !important;padding-top: 0px !important;}\u00a0\u00bb][vc_column_text css=\u00a0\u00bb.vc_custom_1561140372005{margin-top: 0px !important;padding-top: 0px !important;}\u00a0\u00bb]<\/p>\n<h4><em>John Campagna est dipl\u00f4m\u00e9 en kin\u00e9siologie et en physioth\u00e9rapie de l&rsquo;Universit\u00e9 d&rsquo;Ottawa (1999) et de l&rsquo;Universit\u00e9 Western Ontario (2002).<\/em><\/h4>\n<p>[\/vc_column_text][\/vc_column_inner][\/vc_row_inner][vc_separator][vc_column_text]<\/p>\n<h6>Il a travaill\u00e9 professionnellement comme kin\u00e9sith\u00e9rapeute et kin\u00e9siologue pendant plus de 15 ans dans des cliniques priv\u00e9es et des \u00e9tablissements de soins de longue dur\u00e9e. Il a \u00e9t\u00e9 propri\u00e9taire de sa propre clinique (Parkdale Physiotherapy &amp; Sports Injury Clinic) pendant 10 ans. Il a suivi une formation en Mackenzie, en th\u00e9rapie manuelle de niveau 1 et en techniques de rel\u00e2chement myofascial, ainsi qu&rsquo;en enregistrement sur bande et en kin\u00e9sith\u00e9rapie.<\/h6>\n<p>[\/vc_column_text][vc_column_text css=\u00a0\u00bb.vc_custom_1561140490245{border-top-width: 1px !important;border-right-width: 1px !important;border-bottom-width: 1px !important;border-left-width: 1px !important;padding-top: 20px !important;padding-right: 20px !important;padding-bottom: 20px !important;padding-left: 20px !important;border-left-color: #bfbfbf !important;border-left-style: solid !important;border-right-color: #bfbfbf !important;border-right-style: solid !important;border-top-color: #bfbfbf !important;border-top-style: solid !important;border-bottom-color: #bfbfbf !important;border-bottom-style: solid !important;border-radius: 10px !important;}\u00a0\u00bb]John poss\u00e8de une vaste exp\u00e9rience des probl\u00e8mes orthop\u00e9diques r\u00e9sultant de blessures sportives, d&rsquo;accidents de la route, d&rsquo;accidents de travail \/ de tensions r\u00e9p\u00e9titives et de plusieurs affections du cou \/ du dos \/ de la colonne vert\u00e9brale, ainsi que de r\u00e9ponses \u00e0 leurs besoins particuliers.[\/vc_column_text][vc_column_text]<br \/>\nIl croit vraiment qu&rsquo;il n&rsquo;y a pas de meilleure approche de la physioth\u00e9rapie que la th\u00e9rapie manuelle\u2026 sauf pour les exercices actifs bien s\u00fbr! John joue un r\u00f4le tr\u00e8s actif dans la communaut\u00e9 du soccer d&rsquo;Ottawa et fait la promotion de la sant\u00e9 et du mieux-\u00eatre aupr\u00e8s de tous ses patients et de sa famille.[\/vc_column_text][vc_separator][\/vc_column][vc_column width=\u00a0\u00bb1\/4&Prime;][vc_widget_sidebar sidebar_id=\u00a0\u00bbsidebar-our-team\u00a0\u00bb][\/vc_column][\/vc_row][vc_row full_width=\u00a0\u00bbstretch_row\u00a0\u00bb css=\u00a0\u00bb.vc_custom_1528674400296{padding-top: 30px !important;padding-bottom: 10px !important;background-image: url(http:\/\/motionmatters.ca\/wp-content\/uploads\/2018\/06\/CTA-Back.jpg?id=349) !important;background-position: center !important;background-repeat: no-repeat !important;background-size: cover !important;}\u00a0\u00bb][vc_column][vc_column_text css=\u00a0\u00bb.vc_custom_1561141046823{padding-top: 20px !important;padding-bottom: 20px !important;}\u00a0\u00bb]<\/p>\n<h2 style=\"text-align: center;\"><span style=\"color: #ffffff;\"><span style=\"vertical-align: inherit;\"><span style=\"vertical-align: inherit;\">Pour prendre rendez-vous ou pour vous inscrire \u00e0 nos classes, contactez-nous\u00a0<\/span><\/span><\/span><\/h2>\n<p>[\/vc_column_text][vc_row_inner][vc_column_inner width=\u00a0\u00bb1\/2&Prime;][vc_btn title=\u00a0\u00bbCall: (613) 237-4343&Prime; style=\u00a0\u00bbflat\u00a0\u00bb color=\u00a0\u00bbwhite\u00a0\u00bb size=\u00a0\u00bblg\u00a0\u00bb align=\u00a0\u00bbright\u00a0\u00bb i_icon_fontawesome=\u00a0\u00bbfa fa-phone\u00a0\u00bb add_icon=\u00a0\u00bbtrue\u00a0\u00bb link=\u00a0\u00bburl:tel%3A(613)%20237-4343|||\u00a0\u00bb][\/vc_column_inner][vc_column_inner width=\u00a0\u00bb1\/2&Prime;][vc_btn title=\u00a0\u00bbinfo@motionmatters.ca\u00a0\u00bb style=\u00a0\u00bbflat\u00a0\u00bb color=\u00a0\u00bbwhite\u00a0\u00bb size=\u00a0\u00bblg\u00a0\u00bb i_icon_fontawesome=\u00a0\u00bbfa fa-envelope-o\u00a0\u00bb add_icon=\u00a0\u00bbtrue\u00a0\u00bb link=\u00a0\u00bburl:mailto%3Ainfo%40motionmatters.ca|||\u00a0\u00bb][\/vc_column_inner][\/vc_row_inner][\/vc_column][\/vc_row]<\/p>\n<\/div>","protected":false},"excerpt":{"rendered":"<p>[vc_row][vc_column width=\u00a0\u00bb3\/4&Prime;][vc_row_inner][vc_column_inner width=\u00a0\u00bb1\/3&Prime;][vc_single_image image=\u00a0\u00bb1036&Prime; img_size=\u00a0\u00bblarge\u00a0\u00bb style=\u00a0\u00bbvc_box_shadow_border\u00a0\u00bb][\/vc_column_inner][vc_column_inner width=\u00a0\u00bb2\/3&Prime;][vc_empty_space][vc_column_text]Physioth\u00e9rapeutes John Campagna [\/vc_column_text][vc_single_image image=\u00a0\u00bb255&Prime; img_size=\u00a0\u00bbfull\u00a0\u00bb css=\u00a0\u00bb.vc_custom_1528158089104{margin-top: 0px !important;padding-top: 0px !important;}\u00a0\u00bb][vc_column_text css=\u00a0\u00bb.vc_custom_1561140372005{margin-top: 0px !important;padding-top: 0px !important;}\u00a0\u00bb] John Campagna est dipl\u00f4m\u00e9<span class=\"excerpt-hellip\"> [\u2026]<\/span><\/p>\n","protected":false},"author":2427,"featured_media":0,"parent":561,"menu_order":0,"comment_status":"closed","ping_status":"closed","template":"","meta":{"footnotes":""},"class_list":["post-1063","page","type-page","status-publish","hentry"],"_links":{"self":[{"href":"https:\/\/motionmatters.ca\/fr\/wp-json\/wp\/v2\/pages\/1063","targetHints":{"allow":["GET"]}}],"collection":[{"href":"https:\/\/motionmatters.ca\/fr\/wp-json\/wp\/v2\/pages"}],"about":[{"href":"https:\/\/motionmatters.ca\/fr\/wp-json\/wp\/v2\/types\/page"}],"author":[{"embeddable":true,"href":"https:\/\/motionmatters.ca\/fr\/wp-json\/wp\/v2\/users\/2427"}],"replies":[{"embeddable":true,"href":"https:\/\/motionmatters.ca\/fr\/wp-json\/wp\/v2\/comments?post=1063"}],"version-history":[{"count":5,"href":"https:\/\/motionmatters.ca\/fr\/wp-json\/wp\/v2\/pages\/1063\/revisions"}],"predecessor-version":[{"id":1069,"href":"https:\/\/motionmatters.ca\/fr\/wp-json\/wp\/v2\/pages\/1063\/revisions\/1069"}],"up":[{"embeddable":true,"href":"https:\/\/motionmatters.ca\/fr\/wp-json\/wp\/v2\/pages\/561"}],"wp:attachment":[{"href":"https:\/\/motionmatters.ca\/fr\/wp-json\/wp\/v2\/media?parent=1063"}],"curies":[{"name":"wp","href":"https:\/\/api.w.org\/{rel}","templated":true}]}}