{"id":555,"date":"2018-06-30T20:20:11","date_gmt":"2018-06-30T20:20:11","guid":{"rendered":"http:\/\/209.59.164.201\/~motionmatters\/?page_id=555"},"modified":"2018-08-02T15:22:30","modified_gmt":"2018-08-02T15:22:30","slug":"accueil","status":"publish","type":"page","link":"https:\/\/motionmatters.ca\/fr\/","title":{"rendered":"Accueil"},"content":{"rendered":"<div class=\"wpb-content-wrapper\"><p>[vc_row css=\u00a0\u00bb.vc_custom_1529629987497{padding-top: 80px !important;padding-bottom: 20px !important;}\u00a0\u00bb][vc_column width=\u00a0\u00bb2\/3&Prime;][vc_column_text]<\/p>\n<h2>Downtown Ottawa Physiotherapists<\/h2>\n<p>[\/vc_column_text][vc_separator align=\u00a0\u00bbalign_left\u00a0\u00bb el_width=\u00a0\u00bb10&Prime;][vc_column_text]Depuis plus de 15 ans la clinique Motion Matters vous offre des services de physioth\u00e9rapie, de r\u00e9\u00e9ducation et d&rsquo;entra\u00eenement physique de la meilleure qualit\u00e9 dans la r\u00e9gion d&rsquo;Ottawa.<\/p>\n<p>\u00c0 nos locaux au centre ville d`Ottawa, vous pourrez b\u00e9n\u00e9ficier d&rsquo;une large gamme de traitements de physioth\u00e9rapie et de r\u00e9adaptation aux blessures sportives prodigu\u00e9s par nos physioth\u00e9rapeutes exp\u00e9riment\u00e9s, certifi\u00e9s et passionn\u00e9s. Pour en savoir plus sur nos th\u00e9rapeutes et entra\u00eeneurs personnels, visitez la section Motion Matters.<\/p>\n<p>Notre spacieux centre d&rsquo;exercice nous permet de vous offrir un large \u00e9ventail de classes et de services: massages th\u00e9rapeutiques, Pilates, Tai Chi et Qi gong, entra\u00eenement personnel et r\u00e9adaptation.<\/p>\n<p>Pour prendre rendez-vous ou pour vous inscrire \u00e0 nos classes, contactez-nous.[\/vc_column_text][\/vc_column][vc_column width=\u00a0\u00bb1\/3&Prime;][vc_single_image image=\u00a0\u00bb91&Prime; img_size=\u00a0\u00bbmedium\u00a0\u00bb style=\u00a0\u00bbvc_box_border\u00a0\u00bb][\/vc_column][\/vc_row][vc_row full_width=\u00a0\u00bbstretch_row\u00a0\u00bb css=\u00a0\u00bb.vc_custom_1528719789804{padding-top: 30px !important;background-color: #f5f5f5 !important;}\u00a0\u00bb][vc_column][vc_column_text]<\/p>\n<h2 style=\"text-align: center;\">Nos traitements<\/h2>\n<p>[\/vc_column_text][vc_separator el_width=\u00a0\u00bb10&Prime;][\/vc_column][\/vc_row][vc_row full_width=\u00a0\u00bbstretch_row\u00a0\u00bb gap=\u00a0\u00bb20&Prime; css=\u00a0\u00bb.vc_custom_1528719785690{background-color: #f5f5f5 !important;}\u00a0\u00bb][vc_column width=\u00a0\u00bb1\/4&Prime; css=\u00a0\u00bb.vc_custom_1528507597054{background-color: rgba(221,239,255,0.35) !important;*background-color: rgb(221,239,255) !important;border-radius: 5px !important;}\u00a0\u00bb]<div class=\"icon_box icon_position_top no_border\"><a class=\"\" href=\"https:\/\/motionmatters.ca\/fr\/acupuncture\/\"  ><div class=\"image_wrapper\"><img decoding=\"async\" src=\"https:\/\/motionmatters.ca\/wp-content\/uploads\/2018\/06\/Acupuncture-1.png\" class=\"scale-with-grid\" alt=\"Accueil\" width=\"\" height=\"\"\/><\/div><div class=\"desc_wrapper\"><h4 class=\"title\">Acupuncture<\/h4><div class=\"desc\">L\u00b4acupuncture est une th\u00e9rapie qui permet la<\/div><\/div><\/a><\/div>\n[\/vc_column][vc_column width=\u00a0\u00bb1\/4&Prime; css=\u00a0\u00bb.vc_custom_1528508833649{background-color: #f9f9f9 !important;border-radius: 5px !important;}\u00a0\u00bb]<div class=\"icon_box icon_position_top no_border\"><a class=\"\" href=\"https:\/\/motionmatters.ca\/fr\/modalites-electriques\/\"  ><div class=\"image_wrapper\"><img decoding=\"async\" src=\"https:\/\/motionmatters.ca\/wp-content\/uploads\/2018\/06\/Pain-2.png\" class=\"scale-with-grid\" alt=\"Accueil\" width=\"\" height=\"\"\/><\/div><div class=\"desc_wrapper\"><h4 class=\"title\">Modalit\u00e9s \u00e9lectriques<\/h4><div class=\"desc\">La clinique Motion Matters a deux machines \u00e0 courants interf\u00e9rentiels<\/div><\/div><\/a><\/div>\n[\/vc_column][vc_column width=\u00a0\u00bb1\/4&Prime; css=\u00a0\u00bb.vc_custom_1528507679249{background-color: rgba(221,239,255,0.35) !important;*background-color: rgb(221,239,255) !important;border-radius: 5px !important;}\u00a0\u00bb]<div class=\"icon_box icon_position_top no_border\"><a class=\"\" href=\"https:\/\/motionmatters.ca\/fr\/mouvements-fonctionnels\/\"  ><div class=\"image_wrapper\"><img decoding=\"async\" src=\"https:\/\/motionmatters.ca\/wp-content\/uploads\/2018\/06\/Excercise-2.png\" class=\"scale-with-grid\" alt=\"Accueil\" width=\"\" height=\"\"\/><\/div><div class=\"desc_wrapper\"><h4 class=\"title\">Mouvements fonctionnels<\/h4><div class=\"desc\">Il s\u2019agit ici d\u2019examiner (sans diagnostiquer) une s\u00e9rie de mouvements<\/div><\/div><\/a><\/div>\n[\/vc_column][vc_column width=\u00a0\u00bb1\/4&Prime; css=\u00a0\u00bb.vc_custom_1528508840503{background-color: #f9f9f9 !important;border-radius: 5px !important;}\u00a0\u00bb]<div class=\"icon_box icon_position_top no_border\"><a class=\"\" href=\"https:\/\/motionmatters.ca\/fr\/prevention-des-blessures\/\"  ><div class=\"image_wrapper\"><img decoding=\"async\" src=\"https:\/\/motionmatters.ca\/wp-content\/uploads\/2018\/06\/Injury.png\" class=\"scale-with-grid\" alt=\"Accueil\" width=\"\" height=\"\"\/><\/div><div class=\"desc_wrapper\"><h4 class=\"title\">Prevention des blessures<\/h4><div class=\"desc\">L\u2019activit\u00e9 physique est une \u00e9tape essentielle \u00e0 votre sant\u00e9<\/div><\/div><\/a><\/div>\n[\/vc_column][\/vc_row][vc_row full_width=\u00a0\u00bbstretch_row\u00a0\u00bb css=\u00a0\u00bb.vc_custom_1528719781462{background-color: #f5f5f5 !important;}\u00a0\u00bb][vc_column][vc_column_text]<\/p>\n<p style=\"text-align: right;\"><a href=\"https:\/\/motionmatters.ca\/fr\/clinique-de-physiotherapie\/\">V\u00e9rifiez tous nos traitements &gt;&gt; &gt;&gt;\u00a0<\/a><\/p>\n<p>[\/vc_column_text][vc_empty_space][\/vc_column][\/vc_row][vc_row full_width=\u00a0\u00bbstretch_row\u00a0\u00bb parallax=\u00a0\u00bbcontent-moving\u00a0\u00bb parallax_image=\u00a0\u00bb407&Prime; parallax_speed_bg=\u00a0\u00bb2.5&Prime; css=\u00a0\u00bb.vc_custom_1528719812800{padding-top: 40px !important;padding-bottom: 30px !important;background-image: url(http:\/\/motionmatters.ca\/wp-content\/uploads\/2018\/06\/CTA-Back.jpg?id=349) !important;}\u00a0\u00bb][vc_column width=\u00a0\u00bb1\/3&Prime;][vc_column_text]<\/p>\n<h3><span style=\"color: #ffffff;\">Motion Matters<\/span><\/h3>\n<p>[\/vc_column_text][vc_column_text]<\/p>\n<h6 style=\"text-align: left;\"><span style=\"color: #ffffff;\">Motion Matters g\u00e8re simultan\u00e9ment la clinique de physioth\u00e9rapie et le centre de r\u00e9habilitation et d&rsquo;exercice; ces deux emplacements voisins sont situ\u00e9s au centre-ville d&rsquo;Ottawa.<\/span><\/h6>\n<p>[\/vc_column_text][\/vc_column][vc_column width=\u00a0\u00bb2\/3&Prime;][vc_empty_space height=\u00a0\u00bb15px\u00a0\u00bb][vc_column_text]<span style=\"color: #ffffff;\">Ces institutions sont r\u00e9put\u00e9es pour la qualit\u00e9 de leurs services personnalis\u00e9s, l&rsquo;atmosph\u00e8re chaleureuse des locaux et le professionnalisme du personnel.<\/span><\/p>\n<p><span style=\"color: #ffffff;\">Les physioth\u00e9rapeutes exp\u00e9riment\u00e9s de Motion Matters vous offriront un large \u00e9ventail de traitements ainsi que des techniques pr\u00e9ventives \u00e0 la fois traditionnelles et innovatrices. Nos programmes de conditionnement et de mise en forme combinent de nouvelles approches inspir\u00e9es de m\u00e9thodes holistiques avec des techniques traditionnelles.<\/span>[\/vc_column_text][\/vc_column][\/vc_row][vc_row][vc_column][vc_separator][vc_row_inner][vc_column_inner width=\u00a0\u00bb2\/3&Prime;][vc_column_text css=\u00a0\u00bb.vc_custom_1530482596882{padding-top: 20px !important;}\u00a0\u00bb]<\/p>\n<h3>Quels sont les effets scientifiques des traitements de physioth\u00e9rapie?<\/h3>\n<p>Chaque option de traitement offre une combinaison d\u2019effets th\u00e9rapeutiques. La liste suivante regroupe les effets scientifiquement prouv\u00e9s des soins de physioth\u00e9rapie :<\/p>\n<ul>\n<li>Encourage la stimulation et la r\u00e9g\u00e9n\u00e9ration nerveuse<\/li>\n<li>Am\u00e9lioration de la micro circulation et de la revascularisation<\/li>\n<li>Am\u00e9lioration de la relaxation musculaire et la gu\u00e9rison des tissus mous et des articulations<\/li>\n<li>Diminution de la douleur<\/li>\n<li>Ramollissement et diminution des tissus cicatriciels et des contractures<\/li>\n<\/ul>\n<p>[\/vc_column_text][\/vc_column_inner][vc_column_inner width=\u00a0\u00bb1\/3&Prime;][vc_single_image image=\u00a0\u00bb174&Prime; img_size=\u00a0\u00bbfull\u00a0\u00bb style=\u00a0\u00bbvc_box_outline\u00a0\u00bb][\/vc_column_inner][\/vc_row_inner][\/vc_column][\/vc_row][vc_row full_width=\u00a0\u00bbstretch_row\u00a0\u00bb css=\u00a0\u00bb.vc_custom_1528467309126{background-image: url(http:\/\/motionmatters.ca\/wp-content\/uploads\/2018\/06\/CTA-Back.jpg?id=349) !important;background-position: center !important;background-repeat: no-repeat !important;background-size: cover !important;}\u00a0\u00bb][vc_column][vc_column_text css=\u00a0\u00bb.vc_custom_1530482961988{padding-top: 20px !important;padding-bottom: 20px !important;}\u00a0\u00bb]<\/p>\n<h2 style=\"text-align: center;\"><span style=\"color: #ffffff;\">Pour prendre rendez-vous ou pour vous inscrire \u00e0 nos classes, contactez-nous\u00a0<\/span><\/h2>\n<p>[\/vc_column_text][vc_row_inner][vc_column_inner width=\u00a0\u00bb1\/2&Prime;][vc_btn title=\u00a0\u00bbCall: (613) 237-4343&Prime; style=\u00a0\u00bbflat\u00a0\u00bb color=\u00a0\u00bbwhite\u00a0\u00bb size=\u00a0\u00bblg\u00a0\u00bb align=\u00a0\u00bbright\u00a0\u00bb i_icon_fontawesome=\u00a0\u00bbfa fa-phone\u00a0\u00bb add_icon=\u00a0\u00bbtrue\u00a0\u00bb link=\u00a0\u00bburl:tel%3A(613)%20237-4343|||\u00a0\u00bb][\/vc_column_inner][vc_column_inner width=\u00a0\u00bb1\/2&Prime;][vc_btn title=\u00a0\u00bbinfo@motionmatters.ca\u00a0\u00bb style=\u00a0\u00bbflat\u00a0\u00bb color=\u00a0\u00bbwhite\u00a0\u00bb size=\u00a0\u00bblg\u00a0\u00bb i_icon_fontawesome=\u00a0\u00bbfa fa-envelope-o\u00a0\u00bb add_icon=\u00a0\u00bbtrue\u00a0\u00bb link=\u00a0\u00bburl:mailto%3Ainfo%40motionmatters.ca|||\u00a0\u00bb][\/vc_column_inner][\/vc_row_inner][\/vc_column][\/vc_row]<\/p>\n<\/div>","protected":false},"excerpt":{"rendered":"<p>[vc_row css=\u00a0\u00bb.vc_custom_1529629987497{padding-top: 80px !important;padding-bottom: 20px !important;}\u00a0\u00bb][vc_column width=\u00a0\u00bb2\/3&Prime;][vc_column_text] Downtown Ottawa Physiotherapists [\/vc_column_text][vc_separator align=\u00a0\u00bbalign_left\u00a0\u00bb el_width=\u00a0\u00bb10&Prime;][vc_column_text]Depuis plus de 15 ans la clinique Motion Matters vous offre des services de<span class=\"excerpt-hellip\"> [\u2026]<\/span><\/p>\n","protected":false},"author":2427,"featured_media":0,"parent":0,"menu_order":0,"comment_status":"closed","ping_status":"closed","template":"","meta":{"footnotes":""},"class_list":["post-555","page","type-page","status-publish","hentry"],"_links":{"self":[{"href":"https:\/\/motionmatters.ca\/fr\/wp-json\/wp\/v2\/pages\/555","targetHints":{"allow":["GET"]}}],"collection":[{"href":"https:\/\/motionmatters.ca\/fr\/wp-json\/wp\/v2\/pages"}],"about":[{"href":"https:\/\/motionmatters.ca\/fr\/wp-json\/wp\/v2\/types\/page"}],"author":[{"embeddable":true,"href":"https:\/\/motionmatters.ca\/fr\/wp-json\/wp\/v2\/users\/2427"}],"replies":[{"embeddable":true,"href":"https:\/\/motionmatters.ca\/fr\/wp-json\/wp\/v2\/comments?post=555"}],"version-history":[{"count":8,"href":"https:\/\/motionmatters.ca\/fr\/wp-json\/wp\/v2\/pages\/555\/revisions"}],"predecessor-version":[{"id":966,"href":"https:\/\/motionmatters.ca\/fr\/wp-json\/wp\/v2\/pages\/555\/revisions\/966"}],"wp:attachment":[{"href":"https:\/\/motionmatters.ca\/fr\/wp-json\/wp\/v2\/media?parent=555"}],"curies":[{"name":"wp","href":"https:\/\/api.w.org\/{rel}","templated":true}]}}