{"id":569,"date":"2018-07-02T00:01:51","date_gmt":"2018-07-02T00:01:51","guid":{"rendered":"http:\/\/209.59.164.201\/~motionmatters\/?page_id=569"},"modified":"2018-07-31T12:18:13","modified_gmt":"2018-07-31T12:18:13","slug":"clinique-de-physiotherapie","status":"publish","type":"page","link":"https:\/\/motionmatters.ca\/fr\/clinique-de-physiotherapie\/","title":{"rendered":"Physioth\u00e9rapie"},"content":{"rendered":"<div class=\"wpb-content-wrapper\"><p>[vc_row][vc_column width=\u00a0\u00bb3\/4&Prime;][vc_row_inner][vc_column_inner width=\u00a0\u00bb1\/2&Prime;][vc_single_image image=\u00a0\u00bb150&Prime; img_size=\u00a0\u00bblarge\u00a0\u00bb][\/vc_column_inner][vc_column_inner width=\u00a0\u00bb1\/2&Prime;][vc_column_text css=\u00a0\u00bb.vc_custom_1530489459425{padding-top: 15px !important;}\u00a0\u00bb]<\/p>\n<h3>La clinique de physioth\u00e9rapie Motion Matters offre une vari\u00e9t\u00e9 de traitements de physioth\u00e9rapie dans une clinique confortable et professionnelle. Les services disponibles dans notre centre de r\u00e9habilitation et d&rsquo;exercice sont compl\u00e9mentaires \u00e0 nos soins de physioth\u00e9rapie.<\/h3>\n<p>[\/vc_column_text][\/vc_column_inner][\/vc_row_inner][vc_separator][vc_column_text]<\/p>\n<h4>Notre clinique en quelques points:<\/h4>\n<p>[\/vc_column_text][vc_row_inner][vc_column_inner width=\u00a0\u00bb1\/2&Prime;][vc_column_text]<\/p>\n<ul>\n<li>Un environnement accueillant et amical<\/li>\n<li>Un am\u00e9nagement moderne de plus de 3.000 pieds carr\u00e9s<\/li>\n<li>Des salles de traitement priv\u00e9es confortables et calmes<\/li>\n<\/ul>\n<p>[\/vc_column_text][\/vc_column_inner][vc_column_inner width=\u00a0\u00bb1\/2&Prime;][vc_column_text]<\/p>\n<ul>\n<li>Une grande salle d&rsquo;exercice toute \u00e9quip\u00e9e<\/li>\n<li>Un emplacement au centre ville d&rsquo;Ottawa<\/li>\n<li>Accessibilit\u00e9 aux personnes \u00e0 mobilit\u00e9 r\u00e9duites<\/li>\n<\/ul>\n<p>[\/vc_column_text][\/vc_column_inner][\/vc_row_inner][vc_separator][vc_column_text]<\/p>\n<h4>Services de physioth\u00e9rapie<\/h4>\n<p>Nous avons combin\u00e9 l&rsquo;ensemble des comp\u00e9tences cliniques et acad\u00e9miques de nos physioth\u00e9rapeutes afin de vous offrir les meilleures options de service dans notre domaine.<\/p>\n<p>Nous vous offrons des traitements de physioth\u00e9rapie classique et de m\u00e9decine sportive ainsi que des options de traitement plus innovatrices telles que l&rsquo;acupuncture.<\/p>\n<p>Notre institution utilise des \u00e9quipements munis des derni\u00e8res technologies afin de donner les traitements de haute qualit\u00e9.[\/vc_column_text][vc_empty_space height=\u00a0\u00bb12px\u00a0\u00bb][\/vc_column][vc_column width=\u00a0\u00bb1\/4&Prime;][vc_widget_sidebar sidebar_id=\u00a0\u00bbsidebar-physiotherapy-clinic\u00a0\u00bb][\/vc_column][\/vc_row][vc_row full_width=\u00a0\u00bbstretch_row\u00a0\u00bb parallax=\u00a0\u00bbcontent-moving\u00a0\u00bb parallax_image=\u00a0\u00bb432&Prime; parallax_speed_bg=\u00a0\u00bb2.5&Prime; css=\u00a0\u00bb.vc_custom_1528722666216{padding-top: 40px !important;padding-bottom: 30px !important;}\u00a0\u00bb][vc_column][vc_column_text]<\/p>\n<h3 style=\"text-align: center;\"><span style=\"color: #ffffff;\">\u00c9quipements de r\u00e9adaptation<\/span><\/h3>\n<p style=\"text-align: center;\"><span style=\"color: #ffffff;\">Afin d&rsquo;offrir \u00e0 nos patients les meilleures options de traitements, nous n&rsquo;h\u00e9sitons pas \u00e0 investir dans des \u00e9quipements de qualit\u00e9.<\/span><\/p>\n<p style=\"text-align: center;\"><span style=\"color: #ffffff;\">Nos \u00e9quipements comprennent du mat\u00e9riel d&rsquo;entra\u00eenement et de r\u00e9\u00e9ducation ainsi que de l&rsquo;\u00e9quipement Pilates. Avec une clinique \u00e9quip\u00e9e \u00e0 la pointe de la technologie, nous sommes capables d&rsquo;aider nos clients \u00e0 gu\u00e9rir de leurs blessures, nous les aidons \u00e0 augmenter leur mobilit\u00e9 et les guidons dans leur entra\u00eenement personnel pour qu&rsquo;ils atteignent une meilleure forme physique.<\/span><\/p>\n<p style=\"text-align: center;\"><span style=\"color: #ffffff;\">Peut-\u00eatre vous demandez-vous quels seront les \u00e9quipements disponibles \u00e0 la clinique Motion Matters? Voyez la liste ci-dessous et d\u00e9couvrez ce mat\u00e9riel:<\/span><\/p>\n<p>[\/vc_column_text][\/vc_column][\/vc_row][vc_row][vc_column][vc_column_text]<\/p>\n<h4>\u00c9quipement Cardiovasculaire<\/h4>\n<p>Bicyclette stationnaire<\/p>\n<p>&nbsp;<\/p>\n<h4>Poids, r\u00e9sistances et syst\u00e8me multigym<\/h4>\n<p>Multi gym de type Parabody ou machine d\u2019entra\u00eenement multi segmentaire \u00e0 poids r\u00e9glables, syst\u00e8me de c\u00e2ble et de poulie, poids libres divers ainsi qu\u2019une vari\u00e9t\u00e9 de tubes et bandes \u00e9lastiques de type Thera-band\u00ae.<\/p>\n<p>&nbsp;<\/p>\n<h4>\u00c9quipement de proprioception* et d\u2019entra\u00eenement \u00e0 l\u2019\u00e9quilibre<\/h4>\n<p>Une toile Power Webs et un ensemble de petits \u00e9quipements vari\u00e9s pour la r\u00e9\u00e9ducation des mains et des pieds, un ensemble de balles de stabilisation de diff\u00e9rentes tailles et poids, des surfaces de proprioception telle que le Sit-fit, des plateformes Thera-band\u00ae ou des planches BAPS en bois. Nous avons aussi des rouleaux en mousse de diff\u00e9rentes grandeurs, densit\u00e9s et formes ainsi que des Bosus et un escalier de r\u00e9\u00e9ducation.<\/p>\n<p><em><strong>* Remarque : la proprioception peut \u00eatre d\u00e9finie comme \u00e9tant le contr\u00f4le et la conscience du placement du corps dans l&rsquo;espace.<\/strong><\/em>[\/vc_column_text][\/vc_column][\/vc_row][vc_row][vc_column][vc_column_text]<\/p>\n<h3>Sommaire<\/h3>\n<p>Adresse: 170 av. Laurier O, voisin de notre centre d&rsquo;exercice au centre ville d&rsquo;Ottawa.<\/p>\n<p>Voyez les traitements offerts \u00e0 la clinique de physioth\u00e9rapie.<\/p>\n<p>Voyez ce \u00e0 quoi vous attendre lors de votre visite.<\/p>\n<p>Pour en savoir plus, inscrivez-vous \u00e0 une s\u00e9ance pr\u00e9liminaire ou prenez rendez-vous en nous contactant.[\/vc_column_text][\/vc_column][\/vc_row][vc_row full_width=\u00a0\u00bbstretch_row\u00a0\u00bb css=\u00a0\u00bb.vc_custom_1528467309126{background-image: url(http:\/\/motionmatters.ca\/wp-content\/uploads\/2018\/06\/CTA-Back.jpg?id=349) !important;background-position: center !important;background-repeat: no-repeat !important;background-size: cover !important;}\u00a0\u00bb][vc_column][vc_column_text css=\u00a0\u00bb.vc_custom_1530482961988{padding-top: 20px !important;padding-bottom: 20px !important;}\u00a0\u00bb]<\/p>\n<h2 style=\"text-align: center;\"><span style=\"color: #ffffff;\">Pour prendre rendez-vous ou pour vous inscrire \u00e0 nos classes, contactez-nous\u00a0<\/span><\/h2>\n<p>[\/vc_column_text][vc_row_inner][vc_column_inner width=\u00a0\u00bb1\/2&Prime;][vc_btn title=\u00a0\u00bbCall: (613) 237-4343&Prime; style=\u00a0\u00bbflat\u00a0\u00bb color=\u00a0\u00bbwhite\u00a0\u00bb size=\u00a0\u00bblg\u00a0\u00bb align=\u00a0\u00bbright\u00a0\u00bb i_icon_fontawesome=\u00a0\u00bbfa fa-phone\u00a0\u00bb add_icon=\u00a0\u00bbtrue\u00a0\u00bb link=\u00a0\u00bburl:tel%3A(613)%20237-4343|||\u00a0\u00bb][\/vc_column_inner][vc_column_inner width=\u00a0\u00bb1\/2&Prime;][vc_btn title=\u00a0\u00bbinfo@motionmatters.ca\u00a0\u00bb style=\u00a0\u00bbflat\u00a0\u00bb color=\u00a0\u00bbwhite\u00a0\u00bb size=\u00a0\u00bblg\u00a0\u00bb i_icon_fontawesome=\u00a0\u00bbfa fa-envelope-o\u00a0\u00bb add_icon=\u00a0\u00bbtrue\u00a0\u00bb link=\u00a0\u00bburl:mailto%3Ainfo%40motionmatters.ca|||\u00a0\u00bb][\/vc_column_inner][\/vc_row_inner][\/vc_column][\/vc_row]<\/p>\n<\/div>","protected":false},"excerpt":{"rendered":"<p>[vc_row][vc_column width=\u00a0\u00bb3\/4&Prime;][vc_row_inner][vc_column_inner width=\u00a0\u00bb1\/2&Prime;][vc_single_image image=\u00a0\u00bb150&Prime; img_size=\u00a0\u00bblarge\u00a0\u00bb][\/vc_column_inner][vc_column_inner width=\u00a0\u00bb1\/2&Prime;][vc_column_text css=\u00a0\u00bb.vc_custom_1530489459425{padding-top: 15px !important;}\u00a0\u00bb] La clinique de physioth\u00e9rapie Motion Matters offre une vari\u00e9t\u00e9 de traitements de physioth\u00e9rapie dans une clinique confortable<span class=\"excerpt-hellip\"> [\u2026]<\/span><\/p>\n","protected":false},"author":2427,"featured_media":0,"parent":0,"menu_order":0,"comment_status":"closed","ping_status":"closed","template":"","meta":{"footnotes":""},"class_list":["post-569","page","type-page","status-publish","hentry"],"_links":{"self":[{"href":"https:\/\/motionmatters.ca\/fr\/wp-json\/wp\/v2\/pages\/569","targetHints":{"allow":["GET"]}}],"collection":[{"href":"https:\/\/motionmatters.ca\/fr\/wp-json\/wp\/v2\/pages"}],"about":[{"href":"https:\/\/motionmatters.ca\/fr\/wp-json\/wp\/v2\/types\/page"}],"author":[{"embeddable":true,"href":"https:\/\/motionmatters.ca\/fr\/wp-json\/wp\/v2\/users\/2427"}],"replies":[{"embeddable":true,"href":"https:\/\/motionmatters.ca\/fr\/wp-json\/wp\/v2\/comments?post=569"}],"version-history":[{"count":6,"href":"https:\/\/motionmatters.ca\/fr\/wp-json\/wp\/v2\/pages\/569\/revisions"}],"predecessor-version":[{"id":881,"href":"https:\/\/motionmatters.ca\/fr\/wp-json\/wp\/v2\/pages\/569\/revisions\/881"}],"wp:attachment":[{"href":"https:\/\/motionmatters.ca\/fr\/wp-json\/wp\/v2\/media?parent=569"}],"curies":[{"name":"wp","href":"https:\/\/api.w.org\/{rel}","templated":true}]}}