{"id":572,"date":"2018-07-02T00:07:36","date_gmt":"2018-07-02T00:07:36","guid":{"rendered":"http:\/\/209.59.164.201\/~motionmatters\/?page_id=572"},"modified":"2018-07-31T12:16:45","modified_gmt":"2018-07-31T12:16:45","slug":"acupuncture","status":"publish","type":"page","link":"https:\/\/motionmatters.ca\/fr\/nos-traitements\/acupuncture\/","title":{"rendered":"Acupuncture"},"content":{"rendered":"<div class=\"wpb-content-wrapper\"><p>[vc_row css=\u00a0\u00bb.vc_custom_1528469637125{padding-bottom: 20px !important;}\u00a0\u00bb][vc_column width=\u00a0\u00bb2\/3&Prime;][vc_column_text]<em><strong>Adresse : La clinique de physioth\u00e9rapie et de blessures sportives Motion Matters, 170 av. Laurier ouest<\/strong><\/em><\/p>\n<h4>C&rsquo;EST QUOI?<\/h4>\n<p>L\u00b4acupuncture est une th\u00e9rapie qui permet la stimulation de diff\u00e9rentes zones du corps gr\u00e2ce \u00e0 l\u00b4insertion de tr\u00e8s fines aiguilles en certains points bien d\u00e9finis \u00e0 la surface de la peau. Il s\u00b4agit d&rsquo;une des techniques ancestrales de la m\u00e9decine chinoise qui encourage la gu\u00e9rison et la r\u00e9duction de la douleur par des m\u00e9thodes naturelles visant l\u00b4harmonie du corps et de l\u00b4esprit.<\/p>\n<p>La m\u00e9decine chinoise repose sur la notion du Ying et du Yang et des cinq \u00e9l\u00e9ments fondamentaux. Elle reconnait 365 points pr\u00e9cis situ\u00e9s le long de m\u00e9ridiens corporels.<\/p>\n<p>Les praticiens occidentaux de l&rsquo;acupuncture ont d\u00e9velopp\u00e9 une approche anatomique \u00e0 cette technique qui combine les principes traditionnels chinois \u00e0 la m\u00e9decine occidentale. Afin d\u00b4assurer une pratique s\u00e9curitaire de l\u00b4acupuncture et pour convaincre les septiques, de nombreuses recherches ont \u00e9t\u00e9 men\u00e9es sur les effets physiologiques de l&rsquo;acupuncture (par ex. sur la lib\u00e9ration de l\u00b4endorphine, de la s\u00e9rotonine et du cortisol). L\u00b4approche occidentale reconna\u00eet plus de 2000 points de stimulation possible et d\u00e9veloppe la notion de SIM (stimulation intra-musculaire).[\/vc_column_text][\/vc_column][vc_column width=\u00a0\u00bb1\/3&Prime;][vc_widget_sidebar sidebar_id=\u00a0\u00bbsidebar-physiotherapy-clinic\u00a0\u00bb][\/vc_column][\/vc_row][vc_row full_width=\u00a0\u00bbstretch_row\u00a0\u00bb parallax=\u00a0\u00bbcontent-moving\u00a0\u00bb parallax_image=\u00a0\u00bb407&Prime; parallax_speed_bg=\u00a0\u00bb2.5&Prime; css=\u00a0\u00bb.vc_custom_1528586439012{padding-top: 30px !important;padding-bottom: 15px !important;background-image: url(http:\/\/motionmatters.ca\/wp-content\/uploads\/2018\/06\/CTA-Back.jpg?id=349) !important;}\u00a0\u00bb][vc_column width=\u00a0\u00bb1\/3&Prime;][vc_single_image image=\u00a0\u00bb155&Prime; img_size=\u00a0\u00bblarge\u00a0\u00bb style=\u00a0\u00bbvc_box_outline\u00a0\u00bb border_color=\u00a0\u00bbwhite\u00a0\u00bb][\/vc_column][vc_column width=\u00a0\u00bb2\/3&Prime;][vc_empty_space height=\u00a0\u00bb10px\u00a0\u00bb][vc_column_text]<\/p>\n<h4 style=\"text-align: left;\"><span style=\"color: #ffffff;\">COMMENT FONCTIONNE L\u00b4ACUPUNCTURE?<\/span><\/h4>\n<p style=\"text-align: left;\"><span style=\"color: #ffffff;\">Les adeptes de la m\u00e9decine chinoise expliquent que l&rsquo;acupuncture fonctionne par d\u00e9blocage de l&rsquo;\u00e9nergie (Chi) coinc\u00e9e dans certaines zones du corps. En d\u00e9bloquant cette \u00e9nergie, le patient peut reprendre son \u00e9quilibre de base et fonctionner normalement.<\/span><\/p>\n<p style=\"text-align: left;\"><span style=\"color: #ffffff;\">Les adeptes de l\u00b4approche anatomique expliquent que l\u00b4acupuncture am\u00e9liore la circulation sanguine dans la r\u00e9gion trait\u00e9e, qu\u00b4il y a production d\u00b4endorphine et d&rsquo;enc\u00e9phalines, qu\u00b4il y a stimulation du cycle r\u00e9flexe anti-douleur (gate control), de la glande pituitaire et de l\u00b4hypothalamus.<\/span><\/p>\n<p>[\/vc_column_text][\/vc_column][\/vc_row][vc_row css=\u00a0\u00bb.vc_custom_1528469805811{padding-top: 20px !important;padding-bottom: 20px !important;}\u00a0\u00bb][vc_column width=\u00a0\u00bb1\/2&Prime;][vc_column_text]<\/p>\n<h4>A QUOI S\u00b4ATTENDRE PENDANT UN TRAITEMENT D\u00b4ACUPUNCTURE?<\/h4>\n<ul>\n<li>Un traitement typique comprend l&rsquo;insertion de 2 \u00e0 15 aiguilles et dure de 15 \u00e0 30 minutes.<\/li>\n<li>Les aiguilles en acier inoxydable sont \u00e0 utilisation unique.<\/li>\n<li>Diff\u00e9rentes sensations peuvent \u00eatre ressenties durant les traitements mais g\u00e9n\u00e9ralement l&rsquo;acupuncture cause relativement peu de douleur.<\/li>\n<li>La profondeur \u00e0 laquelle doit \u00eatre ins\u00e9r\u00e9e l&rsquo;aiguille d\u00e9pend du point d&rsquo;acupuncture choisi et de la profondeur des tissus trait\u00e9s, et peut varier de moins de 0.5mm \u00e0 75mm.<\/li>\n<\/ul>\n<p>[\/vc_column_text][\/vc_column][vc_column width=\u00a0\u00bb1\/2&Prime;][vc_column_text]<\/p>\n<h4>Y A T-IL D&rsquo;AUTRES TRAITEMENTS DONNANT LES B\u00c9N\u00c9FICES DE L&rsquo;ACUPUNCTURE SANS INSERTION D&rsquo;AIGUILLES?<\/h4>\n<p>La clinique Motion Matters vous offre diff\u00e9rentes possibilit\u00e9s de traitements tels les traitements au LASER, l\u00b4\u00e9lectroth\u00e9rapie (Codetron, TENS) ainsi que les traitements manuels par acupression ou les frictions des points de pression.<\/p>\n<p>Ces options de traitements sont adapt\u00e9s aux patients sensibles, aux enfants, \u00e0 ceux qui craignent les aiguilles et \u00e0 ceux pour qui l\u00b4acupuncture classique ne recommande pas l\u00b4utilisation d&rsquo;aiguilles. Les traitements cit\u00e9s dans ce paragraphe peuvent \u00eatre donn\u00e9s par des physioth\u00e9rapeutes n\u00b4ayant pas suivi de formation en acupuncture.[\/vc_column_text][\/vc_column][\/vc_row][vc_row full_width=\u00a0\u00bbstretch_row\u00a0\u00bb css=\u00a0\u00bb.vc_custom_1528467309126{background-image: url(http:\/\/motionmatters.ca\/wp-content\/uploads\/2018\/06\/CTA-Back.jpg?id=349) !important;background-position: center !important;background-repeat: no-repeat !important;background-size: cover !important;}\u00a0\u00bb][vc_column][vc_column_text css=\u00a0\u00bb.vc_custom_1530482961988{padding-top: 20px !important;padding-bottom: 20px !important;}\u00a0\u00bb]<\/p>\n<h2 style=\"text-align: center;\"><span style=\"color: #ffffff;\">Pour prendre rendez-vous ou pour vous inscrire \u00e0 nos classes, contactez-nous\u00a0<\/span><\/h2>\n<p>[\/vc_column_text][vc_row_inner][vc_column_inner width=\u00a0\u00bb1\/2&Prime;][vc_btn title=\u00a0\u00bbCall: (613) 237-4343&Prime; style=\u00a0\u00bbflat\u00a0\u00bb color=\u00a0\u00bbwhite\u00a0\u00bb size=\u00a0\u00bblg\u00a0\u00bb align=\u00a0\u00bbright\u00a0\u00bb i_icon_fontawesome=\u00a0\u00bbfa fa-phone\u00a0\u00bb add_icon=\u00a0\u00bbtrue\u00a0\u00bb link=\u00a0\u00bburl:tel%3A(613)%20237-4343|||\u00a0\u00bb][\/vc_column_inner][vc_column_inner width=\u00a0\u00bb1\/2&Prime;][vc_btn title=\u00a0\u00bbinfo@motionmatters.ca\u00a0\u00bb style=\u00a0\u00bbflat\u00a0\u00bb color=\u00a0\u00bbwhite\u00a0\u00bb size=\u00a0\u00bblg\u00a0\u00bb i_icon_fontawesome=\u00a0\u00bbfa fa-envelope-o\u00a0\u00bb add_icon=\u00a0\u00bbtrue\u00a0\u00bb link=\u00a0\u00bburl:mailto%3Ainfo%40motionmatters.ca|||\u00a0\u00bb][\/vc_column_inner][\/vc_row_inner][\/vc_column][\/vc_row]<\/p>\n<\/div>","protected":false},"excerpt":{"rendered":"<p>[vc_row css=\u00a0\u00bb.vc_custom_1528469637125{padding-bottom: 20px !important;}\u00a0\u00bb][vc_column width=\u00a0\u00bb2\/3&Prime;][vc_column_text]Adresse : La clinique de physioth\u00e9rapie et de blessures sportives Motion Matters, 170 av. Laurier ouest C&rsquo;EST QUOI? L\u00b4acupuncture est une th\u00e9rapie<span class=\"excerpt-hellip\"> [\u2026]<\/span><\/p>\n","protected":false},"author":2427,"featured_media":543,"parent":794,"menu_order":0,"comment_status":"closed","ping_status":"closed","template":"","meta":{"footnotes":""},"class_list":["post-572","page","type-page","status-publish","has-post-thumbnail","hentry"],"_links":{"self":[{"href":"https:\/\/motionmatters.ca\/fr\/wp-json\/wp\/v2\/pages\/572","targetHints":{"allow":["GET"]}}],"collection":[{"href":"https:\/\/motionmatters.ca\/fr\/wp-json\/wp\/v2\/pages"}],"about":[{"href":"https:\/\/motionmatters.ca\/fr\/wp-json\/wp\/v2\/types\/page"}],"author":[{"embeddable":true,"href":"https:\/\/motionmatters.ca\/fr\/wp-json\/wp\/v2\/users\/2427"}],"replies":[{"embeddable":true,"href":"https:\/\/motionmatters.ca\/fr\/wp-json\/wp\/v2\/comments?post=572"}],"version-history":[{"count":5,"href":"https:\/\/motionmatters.ca\/fr\/wp-json\/wp\/v2\/pages\/572\/revisions"}],"predecessor-version":[{"id":884,"href":"https:\/\/motionmatters.ca\/fr\/wp-json\/wp\/v2\/pages\/572\/revisions\/884"}],"up":[{"embeddable":true,"href":"https:\/\/motionmatters.ca\/fr\/wp-json\/wp\/v2\/pages\/794"}],"wp:featuredmedia":[{"embeddable":true,"href":"https:\/\/motionmatters.ca\/fr\/wp-json\/wp\/v2\/media\/543"}],"wp:attachment":[{"href":"https:\/\/motionmatters.ca\/fr\/wp-json\/wp\/v2\/media?parent=572"}],"curies":[{"name":"wp","href":"https:\/\/api.w.org\/{rel}","templated":true}]}}