{"id":576,"date":"2018-07-02T01:00:42","date_gmt":"2018-07-02T01:00:42","guid":{"rendered":"http:\/\/209.59.164.201\/~motionmatters\/?page_id=576"},"modified":"2018-07-31T12:18:04","modified_gmt":"2018-07-31T12:18:04","slug":"modalites-electriques","status":"publish","type":"page","link":"https:\/\/motionmatters.ca\/fr\/nos-traitements\/modalites-electriques\/","title":{"rendered":"Modalit\u00e9s \u00e9lectriques"},"content":{"rendered":"<div class=\"wpb-content-wrapper\"><p>[vc_row][vc_column width=\u00a0\u00bb3\/4&Prime;][vc_column_text]<em><strong>Adresse:<\/strong>\u00a0La clinique de physioth\u00e9rapie et de blessures sportives Motion Matters, 170 av. Laurier ouest<\/em><\/p>\n<hr \/>\n<p>[\/vc_column_text][vc_column_text]<\/p>\n<h5>Courants interf\u00e9rentiels<\/h5>\n<p><strong>Types:<\/strong> La clinique Motion Matters a deux machines \u00e0 courants interf\u00e9rentiels (IFC): L\u00b4Intelect Legend Stim et le EMS Interferential 955[\/vc_column_text][vc_row_inner css=\u00a0\u00bb.vc_custom_1528675477015{margin-bottom: 0px !important;padding-bottom: 0px !important;}\u00a0\u00bb][vc_column_inner width=\u00a0\u00bb1\/2&Prime;][vc_column_text]<\/p>\n<h5>C&rsquo;est quoi?<\/h5>\n<p>Notre corps fonctionne gr\u00e2ce \u00e0 l\u00b4\u00e9nergie \u00e9lectrique naturelle voyageant sous forme de flux d\u00b4ions.<\/p>\n<p>Les appareils \u00e0 courants interf\u00e9rentiels produisent \u00e9galement de l\u00b4\u00e9nergie sous forme de deux circuits \u00e9lectriques s\u00e9par\u00e9s de moyenne fr\u00e9quence. Ces deux circuits interf\u00e8rent dans la zone trait\u00e9e pour cr\u00e9er un troisi\u00e8me courant puls\u00e9 dont l\u00b4effet est th\u00e9rapeutique.<\/p>\n<p>Les param\u00e8tres sp\u00e9cifiques de ce courant puls\u00e9 seront choisis par votre physioth\u00e9rapeute afin d\u00b4obtenir l\u00b4effet th\u00e9rapeutique d\u00e9sir\u00e9 en fonction de la pathologie.[\/vc_column_text][\/vc_column_inner][vc_column_inner width=\u00a0\u00bb1\/2&Prime;][vc_single_image image=\u00a0\u00bb158&Prime; img_size=\u00a0\u00bbfull\u00a0\u00bb style=\u00a0\u00bbvc_box_shadow_border\u00a0\u00bb][\/vc_column_inner][\/vc_row_inner][vc_column_text css=\u00a0\u00bb.vc_custom_1530490355165{margin-top: -10px !important;}\u00a0\u00bb]<\/p>\n<h5>Quels sont les effets cliniques de cet appareil?<\/h5>\n<p>Cette machine fut introduite en physioth\u00e9rapie dans les ann\u00e9es 1950. Elle est utilis\u00e9e depuis avec succ\u00e8s pour r\u00e9duire les douleurs chroniques et aigu\u00ebs, pour diminuer les spasmes musculaires, les od\u00e8mes, les inflammations et pour am\u00e9liorer le tonus musculaire.[\/vc_column_text][vc_empty_space height=\u00a0\u00bb10px\u00a0\u00bb][\/vc_column][vc_column width=\u00a0\u00bb1\/4&Prime;][vc_widget_sidebar sidebar_id=\u00a0\u00bbsidebar-physiotherapy-clinic\u00a0\u00bb][\/vc_column][\/vc_row][vc_row full_width=\u00a0\u00bbstretch_row\u00a0\u00bb parallax=\u00a0\u00bbcontent-moving\u00a0\u00bb parallax_image=\u00a0\u00bb423&Prime; parallax_speed_bg=\u00a0\u00bb2.5&Prime;][vc_column][vc_empty_space height=\u00a0\u00bb200px\u00a0\u00bb][\/vc_column][\/vc_row][vc_row][vc_column][vc_separator][vc_column_text css=\u00a0\u00bb.vc_custom_1530490446457{margin-top: 0px !important;}\u00a0\u00bb]<\/p>\n<h4>Th\u00e9rapie au LASER<\/h4>\n<p><strong>Types:<\/strong><\/p>\n<p>La clinique Motion Matters poss\u00e8de deux puissants appareils pour les traitements au LASER: le compact Handy laser 50 Sx (50mW, 820nm); et le nouveau ULTRA LAZ 800-4 (400mW, 810 nm).<\/p>\n<p><strong>C&rsquo;est quoi?<\/strong><\/p>\n<p>Un LASER est un syst\u00e8me d\u00b4amplification de la lumi\u00e8re dans la but de cr\u00e9er de l\u00b4\u00e9nergie. Les lettres LASER signifie \u00ab\u00a0light amplification by stimulated emission of radiation\u00a0\u00bb ou amplification de la lumi\u00e8re par l\u00b4\u00e9mission stimul\u00e9e d\u00b4une radiation.[\/vc_column_text][vc_column_text css=\u00a0\u00bb.vc_custom_1530490461549{margin-top: 0px !important;}\u00a0\u00bb]<\/p>\n<h4>Quels sont les effets cliniques?<\/h4>\n<p>[\/vc_column_text][vc_row_inner][vc_column_inner width=\u00a0\u00bb1\/3&Prime;][vc_column_text]<\/p>\n<ul>\n<li>Acc\u00e9l\u00e9ration de la gu\u00e9rison des tissus mous et des articulations<\/li>\n<li>Soulagement de la douleur<\/li>\n<li>Diminution de la tension musculaire<\/li>\n<li>Stimulation de points d\u2019acupuncture et de points moteurs<\/li>\n<\/ul>\n<p>[\/vc_column_text][\/vc_column_inner][vc_column_inner width=\u00a0\u00bb1\/3&Prime;][vc_column_text]<\/p>\n<ul>\n<li>R\u00e9g\u00e9n\u00e9rescence et stimulation nerveuse<\/li>\n<li>Rel\u00e2chement des contractures<\/li>\n<li>Assouplissement et r\u00e9duction des cicatrices<\/li>\n<li>Am\u00e9lioration de la micro-circulation<\/li>\n<\/ul>\n<p>[\/vc_column_text][\/vc_column_inner][vc_column_inner width=\u00a0\u00bb1\/3&Prime;][vc_column_text]<\/p>\n<ul>\n<li>Diminution de l\u2019inflammation aigu\u00eb et chronique<\/li>\n<li>Revascularisation<\/li>\n<\/ul>\n<p>[\/vc_column_text][\/vc_column_inner][\/vc_row_inner][vc_separator][\/vc_column][\/vc_row][vc_row][vc_column][vc_column_text]<\/p>\n<h2>Stimulation \u00e9lectrique neuromusculaire (SENM)<\/h2>\n<p>[\/vc_column_text][vc_row_inner][vc_column_inner width=\u00a0\u00bb1\/2&Prime;][vc_separator][vc_column_text]<strong>Types:<\/strong> La clinique Motion Matters a quatre appareils de stimulation neuro-musculaire: Le type Fast Start II (2 machines) et le Focus (2 machines)<\/p>\n<p><strong>C\u00b4est quoi?<\/strong><\/p>\n<p>Cet appareil permet l\u00b4utilisation d\u00b4un courant \u00e9lectrique \u00e0 des fins th\u00e9rapeutes pour stimuler la contraction musculaire de muscle faibles ou atrophi\u00e9s.<\/p>\n<hr \/>\n<h4>Quels sont les effets cliniques?<\/h4>\n<p>L\u00b4appareil de stimulation musculaire a des effets b\u00e9n\u00e9fiques multiples sur la performance musculaire; il augmente la force, l\u00b4endurance, il r\u00e9duit la spasticit\u00e9 et am\u00e9liore le contr\u00f4le et l\u00b4apprentissage neuro-musculaire.<\/p>\n<h4>T.E.N.S ou stimulation nerveuse \u00e9lectrique transcutan\u00e9e<\/h4>\n<p><strong>Types:<\/strong> La clinique Motion Matters a quatre appareils de stimulation nerveuse \u00e9lectrique transcutan\u00e9e: un Codetron, un Comfort-Tens et deux Fast Start II<\/p>\n<p><strong>C\u00b4est quoi?<\/strong> Ce traitement consiste en un courant \u00e9lectrique de basse fr\u00e9quence passant \u00e0 la surface de la peau vers les fibres nerveuses par l\u00b4interm\u00e9diaire d\u00b4\u00e9lectrodes adh\u00e9sives.<\/p>\n<p><strong>Quels sont les effets cliniques?<\/strong> Ces appareils diminuent la douleur aigu\u00eb ou chronique.[\/vc_column_text][\/vc_column_inner][vc_column_inner width=\u00a0\u00bb1\/2&Prime;][vc_column_text css=\u00a0\u00bb.vc_custom_1530618333359{padding-top: 32px !important;}\u00a0\u00bb]<\/p>\n<h4>Comment les T.E.N.S. fonctionnent-ils pour diminuer la douleur?<\/h4>\n<p>Il existe deux th\u00e9ories sur l\u00b4efficacit\u00e9 de ces machines:<\/p>\n<ul>\n<li><strong>La th\u00e9orie du portillon (Melzak et Wall 1965)<\/strong> qui explique l\u00b4existence de \u00ab\u00a0portes \/ barri\u00e8res\u00a0\u00bb entre la source de la douleur et la zone du cerveau qui la re\u00e7oit. Les sensations passent toutes par ces portes, qu\u00b4elles soient douloureuses ou non. Le cerveau ne peut se concentrer que sur une de ces sensation \u00e0 la fois. L\u00b4utilisation du TENS cr\u00e9e une sur-stimulation de sensations non douloureuses (ici un courant \u00e9lectrique confortable) re\u00e7ues par le cerveau qui ferme ces barri\u00e8res, bloquant ainsi les sensations douloureuses.<\/li>\n<li><strong>La th\u00e9orie du rel\u00e2chement d\u00b4endorphine enc\u00e9phaline<\/strong> bas\u00e9e sur l\u00b4existence de la production normale de substances anti-douleur dans l\u00b4organisme. Dans les ann\u00e9es 1970 de nombreuses recherches ont \u00e9t\u00e9 men\u00e9es mondialement dans ce domaine, en particulier sur les effets neurologiques et biom\u00e9caniques de la perception de la douleur. Ces recherches d\u00e9montr\u00e8rent que des courants \u00e9lectriques de basses fr\u00e9quences (2-5 HZ) produisent de l\u00b4endorphine enc\u00e9phaline qui supprime ou diminue la douleur.<\/li>\n<\/ul>\n<p>[\/vc_column_text][\/vc_column_inner][\/vc_row_inner][\/vc_column][\/vc_row][vc_row full_width=\u00a0\u00bbstretch_row\u00a0\u00bb parallax=\u00a0\u00bbcontent-moving\u00a0\u00bb parallax_image=\u00a0\u00bb423&Prime; parallax_speed_bg=\u00a0\u00bb2.5&Prime;][vc_column][vc_empty_space height=\u00a0\u00bb200px\u00a0\u00bb][\/vc_column][\/vc_row][vc_row][vc_column width=\u00a0\u00bb7\/12&Prime;][vc_column_text]<\/p>\n<h2>Traitement par ultrason<\/h2>\n<hr \/>\n<p><strong>Types:<\/strong>\u00a0La clinique Motion Matters a trois appareils \u00e0 ultra-sons: le Sonopuls 590 et deux ultra-sons Intelect Legend<\/p>\n<p><strong>C\u00b4est quoi?<\/strong>\u00a0Les ultra-sons sont des vagues de sons \u00e0 hautes fr\u00e9quences transmises par l\u00b4interm\u00e9diaire de la r\u00e9sonance d&rsquo;un cristal dans le transducteur d\u00b4un appareil \u00e0 ultra-son. G\u00e9n\u00e9ralement, les ultra-sons th\u00e9rapeutiques ont des fr\u00e9quences variant entre .07 et 3.3 m\u00e9gahertz (MHz) afin de maximiser l\u00b4absorption de l\u00b4\u00e9nergie \u00e0 une profondeur de 1 \u00e0 5 cm dans les tissus mous.<\/p>\n<p><strong>Quels sont les effets cliniques?<\/strong><\/p>\n<p>Les appareils th\u00e9rapeutiques \u00e0 ultrasons sont utilis\u00e9s depuis plus de 50 ans avec ou sans production de chaleur, pour leurs effets physiologiques sur le collag\u00e8ne des tendons, des ligaments ou des fascias. Parmis nombreux b\u00e9n\u00e9fices cliniques, les ultra-sons am\u00e9liorent la micro-circulation, diminuent la douleur et augmentent la temp\u00e9rature cellulaire.[\/vc_column_text][\/vc_column][vc_column width=\u00a0\u00bb5\/12&Prime;][vc_single_image image=\u00a0\u00bb159&Prime; img_size=\u00a0\u00bbfull\u00a0\u00bb style=\u00a0\u00bbvc_box_shadow_border\u00a0\u00bb css=\u00a0\u00bb.vc_custom_1528676479648{padding-top: 50px !important;}\u00a0\u00bb][\/vc_column][\/vc_row][vc_row full_width=\u00a0\u00bbstretch_row\u00a0\u00bb css=\u00a0\u00bb.vc_custom_1528467309126{background-image: url(http:\/\/motionmatters.ca\/wp-content\/uploads\/2018\/06\/CTA-Back.jpg?id=349) !important;background-position: center !important;background-repeat: no-repeat !important;background-size: cover !important;}\u00a0\u00bb][vc_column][vc_column_text css=\u00a0\u00bb.vc_custom_1530482961988{padding-top: 20px !important;padding-bottom: 20px !important;}\u00a0\u00bb]<\/p>\n<h2 style=\"text-align: center;\"><span style=\"color: #ffffff;\">Pour prendre rendez-vous ou pour vous inscrire \u00e0 nos classes, contactez-nous\u00a0<\/span><\/h2>\n<p>[\/vc_column_text][vc_row_inner][vc_column_inner width=\u00a0\u00bb1\/2&Prime;][vc_btn title=\u00a0\u00bbCall: (613) 237-4343&Prime; style=\u00a0\u00bbflat\u00a0\u00bb color=\u00a0\u00bbwhite\u00a0\u00bb size=\u00a0\u00bblg\u00a0\u00bb align=\u00a0\u00bbright\u00a0\u00bb i_icon_fontawesome=\u00a0\u00bbfa fa-phone\u00a0\u00bb add_icon=\u00a0\u00bbtrue\u00a0\u00bb link=\u00a0\u00bburl:tel%3A(613)%20237-4343|||\u00a0\u00bb][\/vc_column_inner][vc_column_inner width=\u00a0\u00bb1\/2&Prime;][vc_btn title=\u00a0\u00bbinfo@motionmatters.ca\u00a0\u00bb style=\u00a0\u00bbflat\u00a0\u00bb color=\u00a0\u00bbwhite\u00a0\u00bb size=\u00a0\u00bblg\u00a0\u00bb i_icon_fontawesome=\u00a0\u00bbfa fa-envelope-o\u00a0\u00bb add_icon=\u00a0\u00bbtrue\u00a0\u00bb link=\u00a0\u00bburl:mailto%3Ainfo%40motionmatters.ca|||\u00a0\u00bb][\/vc_column_inner][\/vc_row_inner][\/vc_column][\/vc_row]<\/p>\n<\/div>","protected":false},"excerpt":{"rendered":"<p>[vc_row][vc_column width=\u00a0\u00bb3\/4&Prime;][vc_column_text]Adresse:\u00a0La clinique de physioth\u00e9rapie et de blessures sportives Motion Matters, 170 av. Laurier ouest [\/vc_column_text][vc_column_text] Courants interf\u00e9rentiels Types: La clinique Motion Matters a deux machines<span class=\"excerpt-hellip\"> [\u2026]<\/span><\/p>\n","protected":false},"author":2427,"featured_media":0,"parent":794,"menu_order":0,"comment_status":"closed","ping_status":"closed","template":"","meta":{"footnotes":""},"class_list":["post-576","page","type-page","status-publish","hentry"],"_links":{"self":[{"href":"https:\/\/motionmatters.ca\/fr\/wp-json\/wp\/v2\/pages\/576","targetHints":{"allow":["GET"]}}],"collection":[{"href":"https:\/\/motionmatters.ca\/fr\/wp-json\/wp\/v2\/pages"}],"about":[{"href":"https:\/\/motionmatters.ca\/fr\/wp-json\/wp\/v2\/types\/page"}],"author":[{"embeddable":true,"href":"https:\/\/motionmatters.ca\/fr\/wp-json\/wp\/v2\/users\/2427"}],"replies":[{"embeddable":true,"href":"https:\/\/motionmatters.ca\/fr\/wp-json\/wp\/v2\/comments?post=576"}],"version-history":[{"count":6,"href":"https:\/\/motionmatters.ca\/fr\/wp-json\/wp\/v2\/pages\/576\/revisions"}],"predecessor-version":[{"id":885,"href":"https:\/\/motionmatters.ca\/fr\/wp-json\/wp\/v2\/pages\/576\/revisions\/885"}],"up":[{"embeddable":true,"href":"https:\/\/motionmatters.ca\/fr\/wp-json\/wp\/v2\/pages\/794"}],"wp:attachment":[{"href":"https:\/\/motionmatters.ca\/fr\/wp-json\/wp\/v2\/media?parent=576"}],"curies":[{"name":"wp","href":"https:\/\/api.w.org\/{rel}","templated":true}]}}