{"id":581,"date":"2018-07-03T11:50:36","date_gmt":"2018-07-03T11:50:36","guid":{"rendered":"http:\/\/209.59.164.201\/~motionmatters\/?page_id=581"},"modified":"2018-07-31T12:18:05","modified_gmt":"2018-07-31T12:18:05","slug":"mouvements-fonctionnels","status":"publish","type":"page","link":"https:\/\/motionmatters.ca\/fr\/nos-traitements\/mouvements-fonctionnels\/","title":{"rendered":"Mouvements fonctionnels"},"content":{"rendered":"<div class=\"wpb-content-wrapper\"><p>[vc_row][vc_column width=\u00a0\u00bb3\/4&Prime;][vc_row_inner css=\u00a0\u00bb.vc_custom_1528682688859{padding: 15px !important;background-color: #f5f5f5 !important;}\u00a0\u00bb][vc_column_inner][vc_column_text]<em><strong>Adresse : La clinique de physioth\u00e9rapie et de blessures sportives Motion Matters, 170 av. Laurier ouest<\/strong><\/em><\/p>\n<hr \/>\n<h4>Examen des mouvements fonctionnels (FMS)<\/h4>\n<p>Il s\u2019agit ici d\u2019examiner (sans diagnostiquer) une s\u00e9rie de mouvements pour en analyser les sch\u00e9mas moteurs et ainsi identifier les zones de faiblesse ou de dysfonction. Le diagnostique ne se fera qu\u2019avec une analyse biom\u00e9canique et m\u00e9dicale (par exemple le SFMA).<\/p>\n<p>Cet examen peut \u00eatre utile avant d\u2019entreprendre un programme d\u2019exercice afin d\u2019\u00e9tablir vos besoins et vos priorit\u00e9s. Il peut aussi \u00eatre utilis\u00e9 pour suivre vos progr\u00e8s dans le cadre d\u2019un retour \u00e0 une activit\u00e9 sportive apr\u00e8s une blessure. L\u2019\u00e9valuation sp\u00e9cifique (SFMA) et l\u2019examen (FMS) sont r\u00e9alis\u00e9s par vos physioth\u00e9rapeutes certifi\u00e9s. Demandez cet examen avant de commencer une nouvelle saison sportive ou pour pr\u00e9venir de potentielles blessures.[\/vc_column_text][\/vc_column_inner][\/vc_row_inner][vc_row_inner css=\u00a0\u00bb.vc_custom_1528682703823{margin-top: -40px !important;background-color: #3c7996 !important;}\u00a0\u00bb][vc_column_inner][vc_column_text css=\u00a0\u00bb.vc_custom_1530618629981{padding-top: 15px !important;padding-right: 15px !important;padding-bottom: 15px !important;padding-left: 15px !important;}\u00a0\u00bb]<\/p>\n<h4><span style=\"color: #ffffff;\">\u00c9valuation sp\u00e9cifique des mouvements fonctionnels (SFMA)<\/span><\/h4>\n<p><span style=\"color: #ffffff;\">Cette technique permet d\u2019\u00e9valuer la qualit\u00e9 d\u2019un mouvement et d\u2019\u00e9tablir un diagnostique bas\u00e9 sur une batterie de tests fond\u00e9s sur l\u2019analyse du mouvement.<\/span><\/p>\n<p><span style=\"color: #ffffff;\">Ces tests cliniques mesurent 7 diff\u00e9rents mouvements quotidiens afin de d\u00e9tecter les mauvais sch\u00e9mas moteurs des patients pr\u00e9sentant des sympt\u00f4mes du syst\u00e8me musculaire ou squelettique tel que la douleur. Il vous sera demand\u00e9 par exemple de vous tenir debout sur une jambe, de vous pencher ou de faire un squat. Le physioth\u00e9rapeute analysera chaque mouvement pour d\u00e9couvrir vos zones de faiblesses ou d\u2019asym\u00e9tries.<\/span><\/p>\n<p><span style=\"color: #ffffff;\">Cette technique est une m\u00e9thode efficace permettant de d\u00e9tecter et r\u00e9soudre les dysfonctions du mouvement \u00e0 leur origine.<\/span><\/p>\n<p><span style=\"color: #ffffff;\">Votre physioth\u00e9rapeute se basera sur cet examen pour \u00e9laborer un traitement individualis\u00e9 correspondant aux corrections de vos dysfonctions. Cette technique pourra \u00eatre utilis\u00e9e en pr\u00e9sence d\u2019un manque de mobilit\u00e9 (raideur) ou d\u2019un manque de contr\u00f4le (stabilit\u00e9). Il s\u2019agit donc d\u2019une mani\u00e8re efficace d\u2019\u00e9tablir un plan de traitement personnalis\u00e9 afin de retrouver votre pleine fonction sans douleur.<\/span>[\/vc_column_text][\/vc_column_inner][\/vc_row_inner][\/vc_column][vc_column width=\u00a0\u00bb1\/4&Prime;][vc_widget_sidebar sidebar_id=\u00a0\u00bbsidebar-physiotherapy-clinic\u00a0\u00bb][\/vc_column][\/vc_row][vc_row full_width=\u00a0\u00bbstretch_row\u00a0\u00bb css=\u00a0\u00bb.vc_custom_1528467309126{background-image: url(http:\/\/motionmatters.ca\/wp-content\/uploads\/2018\/06\/CTA-Back.jpg?id=349) !important;background-position: center !important;background-repeat: no-repeat !important;background-size: cover !important;}\u00a0\u00bb][vc_column][vc_column_text css=\u00a0\u00bb.vc_custom_1530482961988{padding-top: 20px !important;padding-bottom: 20px !important;}\u00a0\u00bb]<\/p>\n<h2 style=\"text-align: center;\"><span style=\"color: #ffffff;\">Pour prendre rendez-vous ou pour vous inscrire \u00e0 nos classes, contactez-nous\u00a0<\/span><\/h2>\n<p>[\/vc_column_text][vc_row_inner][vc_column_inner width=\u00a0\u00bb1\/2&Prime;][vc_btn title=\u00a0\u00bbCall: (613) 237-4343&Prime; style=\u00a0\u00bbflat\u00a0\u00bb color=\u00a0\u00bbwhite\u00a0\u00bb size=\u00a0\u00bblg\u00a0\u00bb align=\u00a0\u00bbright\u00a0\u00bb i_icon_fontawesome=\u00a0\u00bbfa fa-phone\u00a0\u00bb add_icon=\u00a0\u00bbtrue\u00a0\u00bb link=\u00a0\u00bburl:tel%3A(613)%20237-4343|||\u00a0\u00bb][\/vc_column_inner][vc_column_inner width=\u00a0\u00bb1\/2&Prime;][vc_btn title=\u00a0\u00bbinfo@motionmatters.ca\u00a0\u00bb style=\u00a0\u00bbflat\u00a0\u00bb color=\u00a0\u00bbwhite\u00a0\u00bb size=\u00a0\u00bblg\u00a0\u00bb i_icon_fontawesome=\u00a0\u00bbfa fa-envelope-o\u00a0\u00bb add_icon=\u00a0\u00bbtrue\u00a0\u00bb link=\u00a0\u00bburl:mailto%3Ainfo%40motionmatters.ca|||\u00a0\u00bb][\/vc_column_inner][\/vc_row_inner][\/vc_column][\/vc_row]<\/p>\n<\/div>","protected":false},"excerpt":{"rendered":"<p>[vc_row][vc_column width=\u00a0\u00bb3\/4&Prime;][vc_row_inner css=\u00a0\u00bb.vc_custom_1528682688859{padding: 15px !important;background-color: #f5f5f5 !important;}\u00a0\u00bb][vc_column_inner][vc_column_text]Adresse : La clinique de physioth\u00e9rapie et de blessures sportives Motion Matters, 170 av. Laurier ouest Examen des mouvements fonctionnels<span class=\"excerpt-hellip\"> [\u2026]<\/span><\/p>\n","protected":false},"author":2427,"featured_media":0,"parent":794,"menu_order":0,"comment_status":"closed","ping_status":"closed","template":"","meta":{"footnotes":""},"class_list":["post-581","page","type-page","status-publish","hentry"],"_links":{"self":[{"href":"https:\/\/motionmatters.ca\/fr\/wp-json\/wp\/v2\/pages\/581","targetHints":{"allow":["GET"]}}],"collection":[{"href":"https:\/\/motionmatters.ca\/fr\/wp-json\/wp\/v2\/pages"}],"about":[{"href":"https:\/\/motionmatters.ca\/fr\/wp-json\/wp\/v2\/types\/page"}],"author":[{"embeddable":true,"href":"https:\/\/motionmatters.ca\/fr\/wp-json\/wp\/v2\/users\/2427"}],"replies":[{"embeddable":true,"href":"https:\/\/motionmatters.ca\/fr\/wp-json\/wp\/v2\/comments?post=581"}],"version-history":[{"count":4,"href":"https:\/\/motionmatters.ca\/fr\/wp-json\/wp\/v2\/pages\/581\/revisions"}],"predecessor-version":[{"id":886,"href":"https:\/\/motionmatters.ca\/fr\/wp-json\/wp\/v2\/pages\/581\/revisions\/886"}],"up":[{"embeddable":true,"href":"https:\/\/motionmatters.ca\/fr\/wp-json\/wp\/v2\/pages\/794"}],"wp:attachment":[{"href":"https:\/\/motionmatters.ca\/fr\/wp-json\/wp\/v2\/media?parent=581"}],"curies":[{"name":"wp","href":"https:\/\/api.w.org\/{rel}","templated":true}]}}