{"id":584,"date":"2018-07-03T11:53:12","date_gmt":"2018-07-03T11:53:12","guid":{"rendered":"http:\/\/209.59.164.201\/~motionmatters\/?page_id=584"},"modified":"2018-07-31T12:18:07","modified_gmt":"2018-07-31T12:18:07","slug":"prevention-des-blessures","status":"publish","type":"page","link":"https:\/\/motionmatters.ca\/fr\/nos-traitements\/prevention-des-blessures\/","title":{"rendered":"Prevention des blessures"},"content":{"rendered":"<div class=\"wpb-content-wrapper\"><p>[vc_row][vc_column width=\u00a0\u00bb3\/4&Prime;][vc_row_inner][vc_column_inner width=\u00a0\u00bb7\/12&Prime;][vc_column_text]<strong><em>Adresse :\u00a0La clinique de physioth\u00e9rapie et de blessures sportives Motion Matters, 170 av. Laurier ouest<\/em><\/strong><\/p>\n<p>L\u2019activit\u00e9 physique est une \u00e9tape essentielle \u00e0 votre sant\u00e9. Il est cependant vrai que ces activit\u00e9s physiques peuvent cr\u00e9er de la douleur ou des blessures si elles sont faites sans supervision. Gardez ces quelques conseils en t\u00eate lors de vos activit\u00e9s physiques<\/p>\n<hr \/>\n<p>[\/vc_column_text][vc_column_text]<\/p>\n<h4>CORRIGEZ VOTRE POSTURE<\/h4>\n<p>Maintenez un bon alignement vert\u00e9bral pour diminuer les chances d\u2019entorse ou de blessure.<\/p>\n<p>&nbsp;<\/p>\n<h4>R\u00c9CHAUFFEZ-VOUS AVANT VOS ACTIVIT\u00c9S PHYSIQUES<\/h4>\n<p>Vous am\u00e9liorerez votre circulation sanguine et l\u2019oxyg\u00e9nation de votre musculature. Marchez vigoureusement pendant 5-10 minutes pour augmenter votre rythme cardiaque. Ce r\u00e9chauffement doit \u00eatre intense tout en permettant de maintenir une conversation.[\/vc_column_text][vc_separator][\/vc_column_inner][vc_column_inner width=\u00a0\u00bb5\/12&Prime;][vc_single_image image=\u00a0\u00bb164&Prime; img_size=\u00a0\u00bblarge\u00a0\u00bb style=\u00a0\u00bbvc_box_shadow_border\u00a0\u00bb][\/vc_column_inner][\/vc_row_inner][\/vc_column][vc_column width=\u00a0\u00bb1\/4&Prime;][vc_widget_sidebar sidebar_id=\u00a0\u00bbsidebar-physiotherapy-clinic\u00a0\u00bb][\/vc_column][\/vc_row][vc_row full_width=\u00a0\u00bbstretch_row\u00a0\u00bb css=\u00a0\u00bb.vc_custom_1528683232649{padding-top: 40px !important;padding-bottom: 30px !important;background-color: #f5f5f5 !important;}\u00a0\u00bb][vc_column][vc_column_text]<\/p>\n<h4>\u00c9TIREZ-VOUS APR\u00c8S VOS ACTIVIT\u00c9S PHYSIQUES<\/h4>\n<p>L\u2019\u00e9tirement est le parent pauvre de nos activit\u00e9s physiques et est souvent oubli\u00e9. Cet oubli peut cependant amener des blessures. \u00c9tirez les muscles sollicit\u00e9s pendant au moins 15 minutes apr\u00e8s vos activit\u00e9s.<\/p>\n<p>Il pourrait aussi \u00eatre utile de rencontrer l\u2019un de nos physioth\u00e9rapeute m\u00eame si vous ne pr\u00e9sentez pas de blessure. Par exemple, si vous observez des raideurs inhabituelles, des craquements dans les articulations ou, si vous \u00e9prouvez des difficult\u00e9s avec certains mouvements, il se pourrait qu\u2019il s\u2019agisse des premiers signes de blessures ou de dysfonction pouvant causer des probl\u00e8mes. Une simple consultation avec nos sp\u00e9cialistes du mouvement pourrait vous aider \u00e0 rectifier le probl\u00e8me et \u00e9viter ainsi un bon nombre de blessure. Si vous \u00eates int\u00e9ress\u00e9 \u00e0 rencontrer nos physioth\u00e9rapeutes, contactez-nous.[\/vc_column_text][\/vc_column][\/vc_row][vc_row full_width=\u00a0\u00bbstretch_row\u00a0\u00bb css=\u00a0\u00bb.vc_custom_1528467309126{background-image: url(http:\/\/motionmatters.ca\/wp-content\/uploads\/2018\/06\/CTA-Back.jpg?id=349) !important;background-position: center !important;background-repeat: no-repeat !important;background-size: cover !important;}\u00a0\u00bb][vc_column][vc_column_text css=\u00a0\u00bb.vc_custom_1530482961988{padding-top: 20px !important;padding-bottom: 20px !important;}\u00a0\u00bb]<\/p>\n<h2 style=\"text-align: center;\"><span style=\"color: #ffffff;\">Pour prendre rendez-vous ou pour vous inscrire \u00e0 nos classes, contactez-nous\u00a0<\/span><\/h2>\n<p>[\/vc_column_text][vc_row_inner][vc_column_inner width=\u00a0\u00bb1\/2&Prime;][vc_btn title=\u00a0\u00bbCall: (613) 237-4343&Prime; style=\u00a0\u00bbflat\u00a0\u00bb color=\u00a0\u00bbwhite\u00a0\u00bb size=\u00a0\u00bblg\u00a0\u00bb align=\u00a0\u00bbright\u00a0\u00bb i_icon_fontawesome=\u00a0\u00bbfa fa-phone\u00a0\u00bb add_icon=\u00a0\u00bbtrue\u00a0\u00bb link=\u00a0\u00bburl:tel%3A(613)%20237-4343|||\u00a0\u00bb][\/vc_column_inner][vc_column_inner width=\u00a0\u00bb1\/2&Prime;][vc_btn title=\u00a0\u00bbinfo@motionmatters.ca\u00a0\u00bb style=\u00a0\u00bbflat\u00a0\u00bb color=\u00a0\u00bbwhite\u00a0\u00bb size=\u00a0\u00bblg\u00a0\u00bb i_icon_fontawesome=\u00a0\u00bbfa fa-envelope-o\u00a0\u00bb add_icon=\u00a0\u00bbtrue\u00a0\u00bb link=\u00a0\u00bburl:mailto%3Ainfo%40motionmatters.ca|||\u00a0\u00bb][\/vc_column_inner][\/vc_row_inner][\/vc_column][\/vc_row]<\/p>\n<\/div>","protected":false},"excerpt":{"rendered":"<p>[vc_row][vc_column width=\u00a0\u00bb3\/4&Prime;][vc_row_inner][vc_column_inner width=\u00a0\u00bb7\/12&Prime;][vc_column_text]Adresse :\u00a0La clinique de physioth\u00e9rapie et de blessures sportives Motion Matters, 170 av. Laurier ouest L\u2019activit\u00e9 physique est une \u00e9tape essentielle \u00e0 votre sant\u00e9.<span class=\"excerpt-hellip\"> [\u2026]<\/span><\/p>\n","protected":false},"author":2427,"featured_media":0,"parent":794,"menu_order":0,"comment_status":"closed","ping_status":"closed","template":"","meta":{"footnotes":""},"class_list":["post-584","page","type-page","status-publish","hentry"],"_links":{"self":[{"href":"https:\/\/motionmatters.ca\/fr\/wp-json\/wp\/v2\/pages\/584","targetHints":{"allow":["GET"]}}],"collection":[{"href":"https:\/\/motionmatters.ca\/fr\/wp-json\/wp\/v2\/pages"}],"about":[{"href":"https:\/\/motionmatters.ca\/fr\/wp-json\/wp\/v2\/types\/page"}],"author":[{"embeddable":true,"href":"https:\/\/motionmatters.ca\/fr\/wp-json\/wp\/v2\/users\/2427"}],"replies":[{"embeddable":true,"href":"https:\/\/motionmatters.ca\/fr\/wp-json\/wp\/v2\/comments?post=584"}],"version-history":[{"count":5,"href":"https:\/\/motionmatters.ca\/fr\/wp-json\/wp\/v2\/pages\/584\/revisions"}],"predecessor-version":[{"id":887,"href":"https:\/\/motionmatters.ca\/fr\/wp-json\/wp\/v2\/pages\/584\/revisions\/887"}],"up":[{"embeddable":true,"href":"https:\/\/motionmatters.ca\/fr\/wp-json\/wp\/v2\/pages\/794"}],"wp:attachment":[{"href":"https:\/\/motionmatters.ca\/fr\/wp-json\/wp\/v2\/media?parent=584"}],"curies":[{"name":"wp","href":"https:\/\/api.w.org\/{rel}","templated":true}]}}