{"id":588,"date":"2018-07-03T11:56:00","date_gmt":"2018-07-03T11:56:00","guid":{"rendered":"http:\/\/209.59.164.201\/~motionmatters\/?page_id=588"},"modified":"2018-07-31T12:18:02","modified_gmt":"2018-07-31T12:18:02","slug":"la-stimulation-intramusculaire-sim","status":"publish","type":"page","link":"https:\/\/motionmatters.ca\/fr\/nos-traitements\/la-stimulation-intramusculaire-sim\/","title":{"rendered":"La Stimulation Intramusculaire &#8211; SIM"},"content":{"rendered":"<div class=\"wpb-content-wrapper\"><p>[vc_row][vc_column width=\u00a0\u00bb3\/4&Prime;][vc_column_text]<em><strong>Adresse : La clinique de physioth\u00e9rapie et de blessures sportives Motion Matters, 170 av. Laurier ouest<\/strong><\/em><\/p>\n<hr \/>\n<h6><\/h6>\n<p>[\/vc_column_text][vc_row_inner][vc_column_inner width=\u00a0\u00bb1\/2&Prime;][vc_column_text]<\/p>\n<h4>C&rsquo;EST QUOI?<\/h4>\n<p>La Stimulation Intramusculaire (SIM) est un moyen de traiter la douleur chronique en utilisant des aiguilles d&rsquo;acuponcture. Le but du traitement est de rel\u00e2cher les raccourcissements et les spasmes musculaires qui irritent les nerfs et causent des zones d&rsquo;hypersensibilit\u00e9 (douleur neuropathique).<\/p>\n<h4><\/h4>\n<h4>COMMENT FONCTIONNE LA SIM<\/h4>\n<p>La SIM implique l&rsquo;insertion de fines aiguilles d&rsquo;acuponcture dans le corps l\u00e0 o\u00f9 les muscles sont raccourcis et tendus. Elles peuvent aussi \u00eatre ins\u00e9r\u00e9es dans les muscles profonds qui longent la colonne vert\u00e9brale afin de d\u00e9sensibiliser les nerfs irrit\u00e9s.[\/vc_column_text][\/vc_column_inner][vc_column_inner width=\u00a0\u00bb1\/2&Prime;][vc_single_image image=\u00a0\u00bb155&Prime; img_size=\u00a0\u00bblarge\u00a0\u00bb style=\u00a0\u00bbvc_box_shadow_border\u00a0\u00bb][\/vc_column_inner][\/vc_row_inner][\/vc_column][vc_column width=\u00a0\u00bb1\/4&Prime;][vc_widget_sidebar sidebar_id=\u00a0\u00bbsidebar-physiotherapy-clinic\u00a0\u00bb][\/vc_column][\/vc_row][vc_row full_width=\u00a0\u00bbstretch_row\u00a0\u00bb css=\u00a0\u00bb.vc_custom_1528683482451{padding-top: 40px !important;padding-bottom: 30px !important;background-color: #f5f5f5 !important;}\u00a0\u00bb][vc_column][vc_column_text]<\/p>\n<h4>LE TRAITEMENT DE SIM<\/h4>\n<p>D&rsquo;abord, une \u00e9valuation d\u00e9taill\u00e9e sera ex\u00e9cut\u00e9e afin de d\u00e9terminer si la SIM est un traitement convenable pour traiter la condition en question. Ensuite les aiguilles seront ins\u00e9r\u00e9es dans les tissus musculaires affect\u00e9s afin de cibler la douleur neuropathique. L\u2019insertion des aiguilles ne cause habituellement aucune douleur; toutefois, une sensation de \u2018crampe\u2019 se produira si le muscle est raccourci et hypersensible. Cette r\u00e9action temporaire est importante dans le processus de gu\u00e9rison puisqu\u2019elle aide \u00e0 d\u00e9sensibiliser les nerfs afin d\u2019obtenir un soulagement \u00e0 long terme.<\/p>\n<p>&nbsp;<\/p>\n<h4>LA DIFF\u00c9RENCE ENTRE L&rsquo;ACUPONCTURE ET LA SIM<\/h4>\n<p>La SIM utilise les m\u00eames notions que l&rsquo;acuponcture traditionnelle mais en plus, elle se base sur les principes de recherches m\u00e9dicales r\u00e9centes en neurophysiologie. Avec l&rsquo;acuponcture traditionnelle, les aiguilles sont ins\u00e9r\u00e9es dans des points pr\u00e9d\u00e9termin\u00e9s (m\u00e9ridiens), tandis qu\u2019avec la SIM, les aiguilles sont ins\u00e9r\u00e9es dans les points sp\u00e9cifiques de douleur afin de cibler sp\u00e9cifiquement la zone neuropathique.<\/p>\n<hr \/>\n<h4><em>Pour de plus amples renseignements, veuillez consulter le site web Institute for the Study of Treatment of Pain (ISTOP).<\/em><\/h4>\n<p>[\/vc_column_text][\/vc_column][\/vc_row][vc_row full_width=\u00a0\u00bbstretch_row\u00a0\u00bb css=\u00a0\u00bb.vc_custom_1528467309126{background-image: url(http:\/\/motionmatters.ca\/wp-content\/uploads\/2018\/06\/CTA-Back.jpg?id=349) !important;background-position: center !important;background-repeat: no-repeat !important;background-size: cover !important;}\u00a0\u00bb][vc_column][vc_column_text css=\u00a0\u00bb.vc_custom_1530482961988{padding-top: 20px !important;padding-bottom: 20px !important;}\u00a0\u00bb]<\/p>\n<h2 style=\"text-align: center;\"><span style=\"color: #ffffff;\">Pour prendre rendez-vous ou pour vous inscrire \u00e0 nos classes, contactez-nous\u00a0<\/span><\/h2>\n<p>[\/vc_column_text][vc_row_inner][vc_column_inner width=\u00a0\u00bb1\/2&Prime;][vc_btn title=\u00a0\u00bbCall: (613) 237-4343&Prime; style=\u00a0\u00bbflat\u00a0\u00bb color=\u00a0\u00bbwhite\u00a0\u00bb size=\u00a0\u00bblg\u00a0\u00bb align=\u00a0\u00bbright\u00a0\u00bb i_icon_fontawesome=\u00a0\u00bbfa fa-phone\u00a0\u00bb add_icon=\u00a0\u00bbtrue\u00a0\u00bb link=\u00a0\u00bburl:tel%3A(613)%20237-4343|||\u00a0\u00bb][\/vc_column_inner][vc_column_inner width=\u00a0\u00bb1\/2&Prime;][vc_btn title=\u00a0\u00bbinfo@motionmatters.ca\u00a0\u00bb style=\u00a0\u00bbflat\u00a0\u00bb color=\u00a0\u00bbwhite\u00a0\u00bb size=\u00a0\u00bblg\u00a0\u00bb i_icon_fontawesome=\u00a0\u00bbfa fa-envelope-o\u00a0\u00bb add_icon=\u00a0\u00bbtrue\u00a0\u00bb link=\u00a0\u00bburl:mailto%3Ainfo%40motionmatters.ca|||\u00a0\u00bb][\/vc_column_inner][\/vc_row_inner][\/vc_column][\/vc_row]<\/p>\n<\/div>","protected":false},"excerpt":{"rendered":"<p>[vc_row][vc_column width=\u00a0\u00bb3\/4&Prime;][vc_column_text]Adresse : La clinique de physioth\u00e9rapie et de blessures sportives Motion Matters, 170 av. Laurier ouest [\/vc_column_text][vc_row_inner][vc_column_inner width=\u00a0\u00bb1\/2&Prime;][vc_column_text] C&rsquo;EST QUOI? La Stimulation Intramusculaire (SIM) est<span class=\"excerpt-hellip\"> [\u2026]<\/span><\/p>\n","protected":false},"author":2427,"featured_media":0,"parent":794,"menu_order":0,"comment_status":"closed","ping_status":"closed","template":"","meta":{"footnotes":""},"class_list":["post-588","page","type-page","status-publish","hentry"],"_links":{"self":[{"href":"https:\/\/motionmatters.ca\/fr\/wp-json\/wp\/v2\/pages\/588","targetHints":{"allow":["GET"]}}],"collection":[{"href":"https:\/\/motionmatters.ca\/fr\/wp-json\/wp\/v2\/pages"}],"about":[{"href":"https:\/\/motionmatters.ca\/fr\/wp-json\/wp\/v2\/types\/page"}],"author":[{"embeddable":true,"href":"https:\/\/motionmatters.ca\/fr\/wp-json\/wp\/v2\/users\/2427"}],"replies":[{"embeddable":true,"href":"https:\/\/motionmatters.ca\/fr\/wp-json\/wp\/v2\/comments?post=588"}],"version-history":[{"count":7,"href":"https:\/\/motionmatters.ca\/fr\/wp-json\/wp\/v2\/pages\/588\/revisions"}],"predecessor-version":[{"id":888,"href":"https:\/\/motionmatters.ca\/fr\/wp-json\/wp\/v2\/pages\/588\/revisions\/888"}],"up":[{"embeddable":true,"href":"https:\/\/motionmatters.ca\/fr\/wp-json\/wp\/v2\/pages\/794"}],"wp:attachment":[{"href":"https:\/\/motionmatters.ca\/fr\/wp-json\/wp\/v2\/media?parent=588"}],"curies":[{"name":"wp","href":"https:\/\/api.w.org\/{rel}","templated":true}]}}