{"id":593,"date":"2018-07-03T11:58:43","date_gmt":"2018-07-03T11:58:43","guid":{"rendered":"http:\/\/209.59.164.201\/~motionmatters\/?page_id=593"},"modified":"2018-07-31T12:18:08","modified_gmt":"2018-07-31T12:18:08","slug":"therapie-manuelle","status":"publish","type":"page","link":"https:\/\/motionmatters.ca\/fr\/nos-traitements\/therapie-manuelle\/","title":{"rendered":"Th\u00e9rapie manuelle"},"content":{"rendered":"<div class=\"wpb-content-wrapper\"><p>[vc_row][vc_column width=\u00a0\u00bb3\/4&Prime;][vc_column_text]<em><strong>Adresse : La clinique de physioth\u00e9rapie et de blessures sportives Motion Matters, 170 av. Laurier ouest<\/strong><\/em><\/p>\n<p>Il s&rsquo;agit d&rsquo;une technique de soin o\u00f9 le th\u00e9rapeute utilise des man\u0153uvres manuelles de mani\u00e8re \u00e0 mobiliser les tissus et les articulations du patient.<\/p>\n<hr \/>\n<p>[\/vc_column_text][vc_row_inner][vc_column_inner width=\u00a0\u00bb7\/12&Prime;][vc_column_text]<\/p>\n<h4>Th\u00e9rapie manuelle<\/h4>\n<p>L&rsquo;effet de ces man\u0153uvres sera d&rsquo;encourager la mobilit\u00e9 articulaire et des tissus mous. Ces techniques sont perfectionn\u00e9es par les physioth\u00e9rapeutes lors de cours de perfectionnements postuniversitaires. Les physioth\u00e9rapeutes de Motion Matters ont une formation pouss\u00e9e dans ce domaine.[\/vc_column_text][\/vc_column_inner][vc_column_inner width=\u00a0\u00bb5\/12&Prime;][vc_single_image image=\u00a0\u00bb169&Prime; img_size=\u00a0\u00bblarge\u00a0\u00bb style=\u00a0\u00bbvc_box_shadow_border\u00a0\u00bb][\/vc_column_inner][\/vc_row_inner][\/vc_column][vc_column width=\u00a0\u00bb1\/4&Prime;][vc_widget_sidebar sidebar_id=\u00a0\u00bbsidebar-physiotherapy-clinic\u00a0\u00bb][\/vc_column][\/vc_row][vc_row full_width=\u00a0\u00bbstretch_row\u00a0\u00bb css=\u00a0\u00bb.vc_custom_1528683965599{padding-top: 40px !important;padding-bottom: 30px !important;background-color: #f5f5f5 !important;}\u00a0\u00bb][vc_column][vc_column_text]<\/p>\n<h6>Les techniques de th\u00e9rapie manuelle sont multiples; le rel\u00e2chement myofasciale est une technique qui am\u00e9liore la mobilit\u00e9 et la flexibilit\u00e9 des fascias. Les fascias sont des tissus fibreux enveloppant l&rsquo;ensemble de nos muscles et nos organes. Ces structures sont facilement abim\u00e9es par des traumatismes ou des activit\u00e9s physiques excessives. Lors de ces soins le th\u00e9rapeute fera de longs et lents \u00e9tirements manuels am\u00e9liorant la circulation sanguine et la gu\u00e9rison de tissus.<\/h6>\n<p>[\/vc_column_text][vc_row_inner][vc_column_inner width=\u00a0\u00bb1\/2&Prime;][vc_column_text]<strong>Les mobilisations et manipulations articulaires<\/strong> sont d&rsquo;autres formes de th\u00e9rapies manuelles. Ces techniques ont pour but d&rsquo;am\u00e9liorer le mouvement sp\u00e9cifique des surfaces articulaires. La vitesse et la force appliqu\u00e9es lors de ces man\u0153uvres d\u00e9pendront de l&rsquo;effet d\u00e9sir\u00e9.[\/vc_column_text][\/vc_column_inner][vc_column_inner width=\u00a0\u00bb1\/2&Prime;][vc_column_text]<strong>Le drainage lymphatique<\/strong> est un traitement manuel visant les tissus mous et le drainage de la lymphe par le syst\u00e8me lymphatique et circulatoire.[\/vc_column_text][\/vc_column_inner][\/vc_row_inner][vc_separator][vc_column_text]<em><strong>\u00c0 Motion Matters nos clients sont notre priorit\u00e9. Ils sont trait\u00e9s individuellement et leurs besoins particuliers sont toujours pris en consid\u00e9ration. Nos \u00e9valuations initiales nous permettent d\u2019orienter les modalit\u00e9s de vos traitements et d\u2019\u00e9tablir une progression ad\u00e9quate. Nous encourageons la participation des patients \u00e0 leur convalescence et nous les guidons tout au long de leur traitement. Nos physioth\u00e9rapeutes seront en mesure de discuter de ces techniques manuelles et de vous les proposer en fonction de vos besoins.<\/strong><\/em>[\/vc_column_text][\/vc_column][\/vc_row][vc_row full_width=\u00a0\u00bbstretch_row\u00a0\u00bb css=\u00a0\u00bb.vc_custom_1528467309126{background-image: url(http:\/\/motionmatters.ca\/wp-content\/uploads\/2018\/06\/CTA-Back.jpg?id=349) !important;background-position: center !important;background-repeat: no-repeat !important;background-size: cover !important;}\u00a0\u00bb][vc_column][vc_column_text css=\u00a0\u00bb.vc_custom_1530482961988{padding-top: 20px !important;padding-bottom: 20px !important;}\u00a0\u00bb]<\/p>\n<h2 style=\"text-align: center;\"><span style=\"color: #ffffff;\">Pour prendre rendez-vous ou pour vous inscrire \u00e0 nos classes, contactez-nous\u00a0<\/span><\/h2>\n<p>[\/vc_column_text][vc_row_inner][vc_column_inner width=\u00a0\u00bb1\/2&Prime;][vc_btn title=\u00a0\u00bbCall: (613) 237-4343&Prime; style=\u00a0\u00bbflat\u00a0\u00bb color=\u00a0\u00bbwhite\u00a0\u00bb size=\u00a0\u00bblg\u00a0\u00bb align=\u00a0\u00bbright\u00a0\u00bb i_icon_fontawesome=\u00a0\u00bbfa fa-phone\u00a0\u00bb add_icon=\u00a0\u00bbtrue\u00a0\u00bb link=\u00a0\u00bburl:tel%3A(613)%20237-4343|||\u00a0\u00bb][\/vc_column_inner][vc_column_inner width=\u00a0\u00bb1\/2&Prime;][vc_btn title=\u00a0\u00bbinfo@motionmatters.ca\u00a0\u00bb style=\u00a0\u00bbflat\u00a0\u00bb color=\u00a0\u00bbwhite\u00a0\u00bb size=\u00a0\u00bblg\u00a0\u00bb i_icon_fontawesome=\u00a0\u00bbfa fa-envelope-o\u00a0\u00bb add_icon=\u00a0\u00bbtrue\u00a0\u00bb link=\u00a0\u00bburl:mailto%3Ainfo%40motionmatters.ca|||\u00a0\u00bb][\/vc_column_inner][\/vc_row_inner][\/vc_column][\/vc_row]<\/p>\n<\/div>","protected":false},"excerpt":{"rendered":"<p>[vc_row][vc_column width=\u00a0\u00bb3\/4&Prime;][vc_column_text]Adresse : La clinique de physioth\u00e9rapie et de blessures sportives Motion Matters, 170 av. Laurier ouest Il s&rsquo;agit d&rsquo;une technique de soin o\u00f9 le th\u00e9rapeute<span class=\"excerpt-hellip\"> [\u2026]<\/span><\/p>\n","protected":false},"author":2427,"featured_media":0,"parent":794,"menu_order":0,"comment_status":"closed","ping_status":"closed","template":"","meta":{"footnotes":""},"class_list":["post-593","page","type-page","status-publish","hentry"],"_links":{"self":[{"href":"https:\/\/motionmatters.ca\/fr\/wp-json\/wp\/v2\/pages\/593","targetHints":{"allow":["GET"]}}],"collection":[{"href":"https:\/\/motionmatters.ca\/fr\/wp-json\/wp\/v2\/pages"}],"about":[{"href":"https:\/\/motionmatters.ca\/fr\/wp-json\/wp\/v2\/types\/page"}],"author":[{"embeddable":true,"href":"https:\/\/motionmatters.ca\/fr\/wp-json\/wp\/v2\/users\/2427"}],"replies":[{"embeddable":true,"href":"https:\/\/motionmatters.ca\/fr\/wp-json\/wp\/v2\/comments?post=593"}],"version-history":[{"count":5,"href":"https:\/\/motionmatters.ca\/fr\/wp-json\/wp\/v2\/pages\/593\/revisions"}],"predecessor-version":[{"id":889,"href":"https:\/\/motionmatters.ca\/fr\/wp-json\/wp\/v2\/pages\/593\/revisions\/889"}],"up":[{"embeddable":true,"href":"https:\/\/motionmatters.ca\/fr\/wp-json\/wp\/v2\/pages\/794"}],"wp:attachment":[{"href":"https:\/\/motionmatters.ca\/fr\/wp-json\/wp\/v2\/media?parent=593"}],"curies":[{"name":"wp","href":"https:\/\/api.w.org\/{rel}","templated":true}]}}