{"id":597,"date":"2018-07-03T12:01:04","date_gmt":"2018-07-03T12:01:04","guid":{"rendered":"http:\/\/209.59.164.201\/~motionmatters\/?page_id=597"},"modified":"2018-07-31T12:17:59","modified_gmt":"2018-07-31T12:17:59","slug":"gestion-de-la-douleur","status":"publish","type":"page","link":"https:\/\/motionmatters.ca\/fr\/nos-traitements\/gestion-de-la-douleur\/","title":{"rendered":"Gestion de la douleur"},"content":{"rendered":"<div class=\"wpb-content-wrapper\"><p>[vc_row][vc_column width=\u00a0\u00bb3\/4&Prime;][vc_column_text]<strong><em>Location: Motion Matters Physiotherapy and Sports Injury Clinic, 170 Laurier Ave. W.<\/em><\/strong><\/p>\n<hr \/>\n<h3>La sensation de douleur est un sensation subjective et varie beaucoup d&rsquo;une personne \u00e0 l&rsquo;autre. L\u2019inconfort peut \u00eatre constant, pulsatile, pin\u00e7ant ou \u00eatre ressentit comme un coup de couteau. Seule la personne qui ressent la douleur peut la d\u00e9crire de fa\u00e7on pr\u00e9cise.<\/h3>\n<hr \/>\n<p>Nos th\u00e9rapeutes vous aideront \u00e0 g\u00e9rer et si possible r\u00e9soudre l\u2019origine de vos douleurs. Pour ce faire, ils feront une \u00e9valuation de votre condition. Il est impossible de mesurer la douleur de mani\u00e8re objective. La plupart des experts estiment que la meilleure fa\u00e7on de le faire est de r\u00e9aliser un rapport subjectif de la douleur. Cette \u00e9valuation devrait inclure les \u00e9l\u00e9ments suivants:<\/p>\n<ul>\n<li>Identification de toutes les douleurs<\/li>\n<li>Identification des sites, de la qualit\u00e9 et des radiations de la douleur<\/li>\n<li>Identification des facteurs aggravants<\/li>\n<li>Identification de la p\u00e9riode associ\u00e9e \u00e0 l&rsquo;apparition de la douleur pendant la journ\u00e9e<\/li>\n<li>L&rsquo;impact de la douleur sur les activit\u00e9s et sur la personnalit\u00e9 de la personne affect\u00e9e<\/li>\n<\/ul>\n<p>En physioth\u00e9rapie, la gestion de la douleur comprend l&rsquo;application de diff\u00e9rents traitements et modalit\u00e9s visant \u00e0 r\u00e9duire la douleur et r\u00e9tablir ou m\u00eame am\u00e9liorer les activit\u00e9s de la personne atteinte. La gestion de la douleur se fait par l\u2019utilisation de traitements manuelles, d&rsquo;\u00e9lectroth\u00e9rapie(IFC, ultrasons, etc.), d&rsquo;acupuncture, d&rsquo;aiguillage des points de g\u00e2chette, par l\u2019\u00e9ducation et la prise conscience ainsi que par l&rsquo;apprentissage d&rsquo;exercices.[\/vc_column_text][vc_separator][vc_column_text css=\u00a0\u00bb.vc_custom_1530619256864{padding-bottom: 20px !important;}\u00a0\u00bb]<em><strong>Si vous voulez en savoir plus sur la fa\u00e7on dont nos th\u00e9rapeutes exp\u00e9riment\u00e9s peuvent vous aider, contactez-nous.<\/strong><\/em>[\/vc_column_text][\/vc_column][vc_column width=\u00a0\u00bb1\/4&Prime;][vc_widget_sidebar sidebar_id=\u00a0\u00bbsidebar-physiotherapy-clinic\u00a0\u00bb][\/vc_column][\/vc_row][vc_row full_width=\u00a0\u00bbstretch_row\u00a0\u00bb css=\u00a0\u00bb.vc_custom_1528467309126{background-image: url(http:\/\/motionmatters.ca\/wp-content\/uploads\/2018\/06\/CTA-Back.jpg?id=349) !important;background-position: center !important;background-repeat: no-repeat !important;background-size: cover !important;}\u00a0\u00bb][vc_column][vc_column_text css=\u00a0\u00bb.vc_custom_1530482961988{padding-top: 20px !important;padding-bottom: 20px !important;}\u00a0\u00bb]<\/p>\n<h2 style=\"text-align: center;\"><span style=\"color: #ffffff;\">Pour prendre rendez-vous ou pour vous inscrire \u00e0 nos classes, contactez-nous\u00a0<\/span><\/h2>\n<p>[\/vc_column_text][vc_row_inner][vc_column_inner width=\u00a0\u00bb1\/2&Prime;][vc_btn title=\u00a0\u00bbCall: (613) 237-4343&Prime; style=\u00a0\u00bbflat\u00a0\u00bb color=\u00a0\u00bbwhite\u00a0\u00bb size=\u00a0\u00bblg\u00a0\u00bb align=\u00a0\u00bbright\u00a0\u00bb i_icon_fontawesome=\u00a0\u00bbfa fa-phone\u00a0\u00bb add_icon=\u00a0\u00bbtrue\u00a0\u00bb link=\u00a0\u00bburl:tel%3A(613)%20237-4343|||\u00a0\u00bb][\/vc_column_inner][vc_column_inner width=\u00a0\u00bb1\/2&Prime;][vc_btn title=\u00a0\u00bbinfo@motionmatters.ca\u00a0\u00bb style=\u00a0\u00bbflat\u00a0\u00bb color=\u00a0\u00bbwhite\u00a0\u00bb size=\u00a0\u00bblg\u00a0\u00bb i_icon_fontawesome=\u00a0\u00bbfa fa-envelope-o\u00a0\u00bb add_icon=\u00a0\u00bbtrue\u00a0\u00bb link=\u00a0\u00bburl:mailto%3Ainfo%40motionmatters.ca|||\u00a0\u00bb][\/vc_column_inner][\/vc_row_inner][\/vc_column][\/vc_row]<\/p>\n<\/div>","protected":false},"excerpt":{"rendered":"<p>[vc_row][vc_column width=\u00a0\u00bb3\/4&Prime;][vc_column_text]Location: Motion Matters Physiotherapy and Sports Injury Clinic, 170 Laurier Ave. W. La sensation de douleur est un sensation subjective et varie beaucoup d&rsquo;une personne<span class=\"excerpt-hellip\"> [\u2026]<\/span><\/p>\n","protected":false},"author":2427,"featured_media":0,"parent":794,"menu_order":0,"comment_status":"closed","ping_status":"closed","template":"","meta":{"footnotes":""},"class_list":["post-597","page","type-page","status-publish","hentry"],"_links":{"self":[{"href":"https:\/\/motionmatters.ca\/fr\/wp-json\/wp\/v2\/pages\/597","targetHints":{"allow":["GET"]}}],"collection":[{"href":"https:\/\/motionmatters.ca\/fr\/wp-json\/wp\/v2\/pages"}],"about":[{"href":"https:\/\/motionmatters.ca\/fr\/wp-json\/wp\/v2\/types\/page"}],"author":[{"embeddable":true,"href":"https:\/\/motionmatters.ca\/fr\/wp-json\/wp\/v2\/users\/2427"}],"replies":[{"embeddable":true,"href":"https:\/\/motionmatters.ca\/fr\/wp-json\/wp\/v2\/comments?post=597"}],"version-history":[{"count":4,"href":"https:\/\/motionmatters.ca\/fr\/wp-json\/wp\/v2\/pages\/597\/revisions"}],"predecessor-version":[{"id":890,"href":"https:\/\/motionmatters.ca\/fr\/wp-json\/wp\/v2\/pages\/597\/revisions\/890"}],"up":[{"embeddable":true,"href":"https:\/\/motionmatters.ca\/fr\/wp-json\/wp\/v2\/pages\/794"}],"wp:attachment":[{"href":"https:\/\/motionmatters.ca\/fr\/wp-json\/wp\/v2\/media?parent=597"}],"curies":[{"name":"wp","href":"https:\/\/api.w.org\/{rel}","templated":true}]}}