{"id":608,"date":"2018-07-03T12:15:17","date_gmt":"2018-07-03T12:15:17","guid":{"rendered":"http:\/\/209.59.164.201\/~motionmatters\/?page_id=608"},"modified":"2018-07-31T12:16:46","modified_gmt":"2018-07-31T12:16:46","slug":"aiguillage-des-points-de-gachette-ou-trigger-point","status":"publish","type":"page","link":"https:\/\/motionmatters.ca\/fr\/nos-traitements\/aiguillage-des-points-de-gachette-ou-trigger-point\/","title":{"rendered":"Aiguillage des points de g\u00e2chette ou Trigger Point"},"content":{"rendered":"<div class=\"wpb-content-wrapper\"><p>[vc_row][vc_column width=\u00a0\u00bb3\/4&Prime;][vc_column_text]<em><strong>Adresse : La clinique de physioth\u00e9rapie et de blessures sportives Motion Matters, 170 av. Laurier ouest<\/strong><\/em><\/p>\n<hr \/>\n<p>[\/vc_column_text][vc_row_inner][vc_column_inner width=\u00a0\u00bb1\/2&Prime;][vc_single_image image=\u00a0\u00bb180&Prime; img_size=\u00a0\u00bblarge\u00a0\u00bb style=\u00a0\u00bbvc_box_shadow_border\u00a0\u00bb css=\u00a0\u00bb.vc_custom_1528723322475{padding-top: 25px !important;}\u00a0\u00bb][\/vc_column_inner][vc_column_inner width=\u00a0\u00bb1\/2&Prime;][vc_column_text]<\/p>\n<h4>DE QUOI S&rsquo;AGIT-IL?<\/h4>\n<p>Les \u00ab Trigger Points\u00bb ou points de g\u00e2chettes sont des points douloureux, des n\u0153uds, situ\u00e9s dans la musculature. Ils provoquent des douleurs lors de mouvements ou m\u00eame au repos. Le traitement d&rsquo;aiguillage de ces points consiste \u00e0 d\u00e9tendre et \u00e0 assouplir la musculature et \u00e0 faire disparaitre ces zones douloureuses. Cette technique se fait par insertion d&rsquo;aiguilles d\u2019acupuncture st\u00e9riles \u00e0 usage unique. On essaye ainsi de r\u00e9duire le point douloureux du muscle pour que celui-ci puisse se rel\u00e2cher, que la circulation sanguine puisse reprendre et pour r\u00e9tablir la fonction.<br \/>\nUn muscle en sant\u00e9 ne r\u00e9agira pas de la m\u00eame mani\u00e8re lors de l&rsquo;insertion de l&rsquo;aiguille; il n&rsquo;y aura pas d&rsquo;inconfort associ\u00e9. Par contre si le muscle est tendu et irrit\u00e9, le traitement produira une sensation de crampe et de torsion musculaire l\u00e9g\u00e8rement d\u00e9sagr\u00e9able.<\/p>\n<p>Il existe souvent un r\u00e9flexe protecteur de contracture musculaire autour d&rsquo;une r\u00e9gion bless\u00e9e. Cette contraction vient souvent entraver le traitement de la blessure sous-jacente. Le th\u00e9rapeute ne pourra mobiliser les articulations enraidies en raison de la tension musculaire. Dans ce cas, l&rsquo;aiguillage des point de g\u00e2chette sera un traitement de choix pour rel\u00e2cher les tensions musculaires et permettre le traitement efficace des articulations l\u00e9s\u00e9es.[\/vc_column_text][\/vc_column_inner][\/vc_row_inner][vc_separator][vc_column_text css=\u00a0\u00bb.vc_custom_1530620110560{padding-bottom: 20px !important;}\u00a0\u00bb]<\/p>\n<h4>\u00c0 QUOI PEUT ON S&rsquo;ATTENDRE LORS DE CE TRAITEMENT?<\/h4>\n<ul>\n<li>Des aiguilles d&rsquo;acupuncture st\u00e9riles seront ins\u00e9r\u00e9es dans la zone bless\u00e9e.<\/li>\n<li>Les patients ressentiront une sensation de crampe plus ou moins intense lors de la manipulation des aiguilles.<\/li>\n<li>Les aiguilles se sont pas laiss\u00e9es dans la peau comme dans le cas d`un traitement d&rsquo;acupuncture, elles sont enlev\u00e9es imm\u00e9diatement.<\/li>\n<li>Selon les besoins du patient, le traitement peut se concentrer sur un ou plusieurs muscles.<\/li>\n<li>Suite au traitement il est fr\u00e9quent de se sentir raide comme apr\u00e8s un entra\u00eenement intense.<\/li>\n<li>L&rsquo;application de chaleur apr\u00e8s le traitement aidera \u00e0 diminuer la sensation de raideur.<\/li>\n<li>L&rsquo;apparition d&rsquo;h\u00e9matome post traitement est un effet secondaire fr\u00e9quent.<\/li>\n<\/ul>\n<p>[\/vc_column_text][\/vc_column][vc_column width=\u00a0\u00bb1\/4&Prime;][vc_widget_sidebar sidebar_id=\u00a0\u00bbsidebar-physiotherapy-clinic\u00a0\u00bb][\/vc_column][\/vc_row][vc_row full_width=\u00a0\u00bbstretch_row\u00a0\u00bb css=\u00a0\u00bb.vc_custom_1528467309126{background-image: url(http:\/\/motionmatters.ca\/wp-content\/uploads\/2018\/06\/CTA-Back.jpg?id=349) !important;background-position: center !important;background-repeat: no-repeat !important;background-size: cover !important;}\u00a0\u00bb][vc_column][vc_column_text css=\u00a0\u00bb.vc_custom_1530482961988{padding-top: 20px !important;padding-bottom: 20px !important;}\u00a0\u00bb]<\/p>\n<h2 style=\"text-align: center;\"><span style=\"color: #ffffff;\">Pour prendre rendez-vous ou pour vous inscrire \u00e0 nos classes, contactez-nous\u00a0<\/span><\/h2>\n<p>[\/vc_column_text][vc_row_inner][vc_column_inner width=\u00a0\u00bb1\/2&Prime;][vc_btn title=\u00a0\u00bbCall: (613) 237-4343&Prime; style=\u00a0\u00bbflat\u00a0\u00bb color=\u00a0\u00bbwhite\u00a0\u00bb size=\u00a0\u00bblg\u00a0\u00bb align=\u00a0\u00bbright\u00a0\u00bb i_icon_fontawesome=\u00a0\u00bbfa fa-phone\u00a0\u00bb add_icon=\u00a0\u00bbtrue\u00a0\u00bb link=\u00a0\u00bburl:tel%3A(613)%20237-4343|||\u00a0\u00bb][\/vc_column_inner][vc_column_inner width=\u00a0\u00bb1\/2&Prime;][vc_btn title=\u00a0\u00bbinfo@motionmatters.ca\u00a0\u00bb style=\u00a0\u00bbflat\u00a0\u00bb color=\u00a0\u00bbwhite\u00a0\u00bb size=\u00a0\u00bblg\u00a0\u00bb i_icon_fontawesome=\u00a0\u00bbfa fa-envelope-o\u00a0\u00bb add_icon=\u00a0\u00bbtrue\u00a0\u00bb link=\u00a0\u00bburl:mailto%3Ainfo%40motionmatters.ca|||\u00a0\u00bb][\/vc_column_inner][\/vc_row_inner][\/vc_column][\/vc_row]<\/p>\n<\/div>","protected":false},"excerpt":{"rendered":"<p>[vc_row][vc_column width=\u00a0\u00bb3\/4&Prime;][vc_column_text]Adresse : La clinique de physioth\u00e9rapie et de blessures sportives Motion Matters, 170 av. Laurier ouest [\/vc_column_text][vc_row_inner][vc_column_inner width=\u00a0\u00bb1\/2&Prime;][vc_single_image image=\u00a0\u00bb180&Prime; img_size=\u00a0\u00bblarge\u00a0\u00bb style=\u00a0\u00bbvc_box_shadow_border\u00a0\u00bb css=\u00a0\u00bb.vc_custom_1528723322475{padding-top: 25px !important;}\u00a0\u00bb][\/vc_column_inner][vc_column_inner width=\u00a0\u00bb1\/2&Prime;][vc_column_text]<span class=\"excerpt-hellip\"> [\u2026]<\/span><\/p>\n","protected":false},"author":2427,"featured_media":0,"parent":794,"menu_order":0,"comment_status":"closed","ping_status":"closed","template":"","meta":{"footnotes":""},"class_list":["post-608","page","type-page","status-publish","hentry"],"_links":{"self":[{"href":"https:\/\/motionmatters.ca\/fr\/wp-json\/wp\/v2\/pages\/608","targetHints":{"allow":["GET"]}}],"collection":[{"href":"https:\/\/motionmatters.ca\/fr\/wp-json\/wp\/v2\/pages"}],"about":[{"href":"https:\/\/motionmatters.ca\/fr\/wp-json\/wp\/v2\/types\/page"}],"author":[{"embeddable":true,"href":"https:\/\/motionmatters.ca\/fr\/wp-json\/wp\/v2\/users\/2427"}],"replies":[{"embeddable":true,"href":"https:\/\/motionmatters.ca\/fr\/wp-json\/wp\/v2\/comments?post=608"}],"version-history":[{"count":4,"href":"https:\/\/motionmatters.ca\/fr\/wp-json\/wp\/v2\/pages\/608\/revisions"}],"predecessor-version":[{"id":894,"href":"https:\/\/motionmatters.ca\/fr\/wp-json\/wp\/v2\/pages\/608\/revisions\/894"}],"up":[{"embeddable":true,"href":"https:\/\/motionmatters.ca\/fr\/wp-json\/wp\/v2\/pages\/794"}],"wp:attachment":[{"href":"https:\/\/motionmatters.ca\/fr\/wp-json\/wp\/v2\/media?parent=608"}],"curies":[{"name":"wp","href":"https:\/\/api.w.org\/{rel}","templated":true}]}}