{"id":643,"date":"2018-07-03T12:55:54","date_gmt":"2018-07-03T12:55:54","guid":{"rendered":"http:\/\/209.59.164.201\/~motionmatters\/?page_id=643"},"modified":"2018-07-31T12:19:18","modified_gmt":"2018-07-31T12:19:18","slug":"questions-reponses","status":"publish","type":"page","link":"https:\/\/motionmatters.ca\/fr\/questions-reponses\/","title":{"rendered":"Questions \/ r\u00e9ponses"},"content":{"rendered":"<div class=\"wpb-content-wrapper\"><p>[vc_row][vc_column][vc_toggle title=\u00a0\u00bbC&rsquo;est quoi la physioth\u00e9rapie?\u00a0\u00bb]La physioth\u00e9rapie est une profession param\u00e9dicale visant \u00e0 r\u00e9tablir et am\u00e9liorer le mouvement. Cette profession se d\u00e9marque par son degr\u00e9 d&rsquo;expertise vis-\u00e0-vis du diagnostique et du traitement des troubles du mouvement. La physioth\u00e9rapie a pour but de promouvoir l&rsquo;ind\u00e9pendance fonctionnelle et d&rsquo;am\u00e9liorer la qualit\u00e9 de vie.[\/vc_toggle][vc_toggle title=\u00a0\u00bb C&rsquo;est quoi un physioth\u00e9rapeute?\u00a0\u00bb]Un physioth\u00e9rapeute certifi\u00e9 est un professionnel de la sant\u00e9 form\u00e9 \u00e0 l&rsquo;universit\u00e9 et d\u00e9tenteur d&rsquo;un Baccalaur\u00e9at ou d&rsquo;une Ma\u00eetrise en science et en physioth\u00e9rapie. Les physioth\u00e9rapeutes de Motion Matters sont tous accr\u00e9dit\u00e9s et membres du Coll\u00e8ge des physioth\u00e9rapeutes de l&rsquo;Ontario. Le coll\u00e8ge \u00e9tablit les r\u00e8gles d&rsquo;\u00e9thique et les standards de conduite de la profession. Il s&rsquo;assure \u00e9galement que ses membres suivent les consignes de s\u00e9curit\u00e9 et les normes professionnelles dans l&rsquo;exercice de leur travail.[\/vc_toggle][vc_toggle title=\u00a0\u00bbComment le physioth\u00e9rapeute peut-il m&rsquo;aider?\u00a0\u00bb]Les physioth\u00e9rapeutes vous offrent des techniques de traitements efficaces afin de vous aider \u00e0 atteindre les buts suivants :<\/p>\n<ul>\n<li>R\u00e9tablir le mouvement apr\u00e8s une op\u00e9ration<\/li>\n<li>Contr\u00f4ler et r\u00e9duire la douleur<\/li>\n<li>Traiter des blessures sportives<\/li>\n<li>Fournir des soins pr\u00e9- et post natals<\/li>\n<li>Am\u00e9liorer la coordination et l&rsquo;\u00e9quilibre en g\u00e9n\u00e9ral<\/li>\n<li>Diminuer les complications li\u00e9es au cancer et \u00e0 ses traitements<\/li>\n<li>Contr\u00f4ler les d\u00e9ficits (physiques) et les handicaps li\u00e9s aux maladies d\u00e9g\u00e9n\u00e9ratives (ex : osteo-arthrite, arthrite rhumato\u00efde, st\u00e9nose vert\u00e9brale)<\/li>\n<li>Pr\u00e9venir et traiter les blessures r\u00e9p\u00e9titives, les bursites, les entorses ligamentaires, les dislocations ou les \u00e9tirements musculaires ou articulaires<\/li>\n<li>R\u00e9\u00e9ducation apr\u00e8s avoir subi un accident de la route<\/li>\n<\/ul>\n<p>[\/vc_toggle][vc_toggle title=\u00a0\u00bbDois-je voir le docteur avant de commencer des traitements de physioth\u00e9rapie?\u00a0\u00bb]Bien qu&rsquo;il n&rsquo;est pas n\u00e9cessaire de voir le m\u00e9decin avant de recevoir des traitements de physioth\u00e9rapie, votre physioth\u00e9rapeute pourrait vous demander de le faire dans certaines circonstances afin de faire des tests m\u00e9dicaux plus approfondis. Votre physioth\u00e9rapeute pourrait vous demander de consulter un m\u00e9decin si votre \u00e9tat ne s&rsquo;am\u00e9liore pas suite aux traitements de physioth\u00e9rapie.[\/vc_toggle][vc_toggle title=\u00a0\u00bbComment obtenir un rendez-vous?\u00a0\u00bb]Dans la plupart des cas, vous n&rsquo;aurez pas besoin d&rsquo;une prescription m\u00e9dicale pour entamer vos traitements (v\u00e9rifiez votre police d&rsquo;assurance pour vous en assurer). Il vous suffit de nous contacter pour fixer un rendez-vous avec un th\u00e9rapeute \u00e0 une heure et un jour qui vous conviendront.[\/vc_toggle][vc_toggle title=\u00a0\u00bbEst-ce que mon assurance couvrira les frais de mes traitements?\u00a0\u00bb]Ceci d\u00e9pendra de votre police d&rsquo;assurance et peut varier d&rsquo;une compagnie \u00e0 l&rsquo;autre. Il serait pr\u00e9f\u00e9rable de confirmer ces d\u00e9tails avant votre premi\u00e8re visite pour faciliter l&rsquo;\u00e9laboration d&rsquo;un plan de traitement avec votre th\u00e9rapeute.<\/p>\n<p>Veuillez notez les points suivant concernant la clinique Motion Matters :<\/p>\n<p>1. Nous n&rsquo;offrons pas le paiement direct sauf pour les cas li\u00e9s \u00e0 un accident de la route et pour les militaires couverts par la compagnie d&rsquo;assurance Blue Cross.<\/p>\n<p>2. Nous ne soignons pas les personnes couvertes par la compensation du travail (WCB).[\/vc_toggle][vc_toggle title=\u00a0\u00bbA quoi puis-je m&rsquo;attendre lors de ma premi\u00e8re visite?\u00a0\u00bb]Veuillez cliquez sur \u00abvos rendez-vous\u00bb pour plus de d\u00e9tails.[\/vc_toggle][vc_toggle title=\u00a0\u00bbQue devrais-je apporter comme v\u00eatements lors de mes visites?\u00a0\u00bb]<\/p>\n<ul>\n<li>Des v\u00eatements confortables qui permettront de voir et traiter la zone bless\u00e9e (par ex. pour un probl\u00e8me de jambe, de pieds ou de bas du dos apportez des shorts; pour le haut du dos, les \u00e9paules ou le cou apportez un d\u00e9bardeur ou une brassi\u00e8re athl\u00e9tique). Apportez vos orth\u00e8ses et vos souliers du course si votre probl\u00e8me est li\u00e9 au jogging ou \u00e0 la marche.<\/li>\n<li>Apportez votre prescription m\u00e9dicale si vous avez consult\u00e9 un m\u00e9decin avant votre visite chez le physioth\u00e9rapeute.<\/li>\n<li>Apportez une copie des r\u00e9sultants des tests que vous auriez pass\u00e9s et qui concerne votre blessure (rayons X, rapport de IRM).<\/li>\n<\/ul>\n<p>[\/vc_toggle][vc_toggle title=\u00a0\u00bbQuels seront les traitements disponibles?\u00a0\u00bb]Les traitements de physioth\u00e9rapie comprennent une large panoplie de traitement diff\u00e9rents. Pour en obtenir une liste compl\u00e8te avec description, visitez la page \u00abnos traitements\u00bb.[\/vc_toggle][vc_toggle title=\u00a0\u00bb\u00c0 quelle fr\u00e9quence se feront mes traitements?\u00a0\u00bb]Les effets des soins sont g\u00e9n\u00e9ralement rapides. Certaines personnes auront des r\u00e9sultats imm\u00e9diats alors que d&rsquo;autres auront besoin de 4 \u00e0 18 traitements avant d&rsquo;atteindre leurs objectifs.<\/p>\n<p>Les r\u00e9sultats des traitements peuvent varier selon la rapidit\u00e9 de gu\u00e9rison naturelle de l&rsquo;individu ainsi que selon la nature, le mode de progression et la gravit\u00e9 du probl\u00e8me trait\u00e9. G\u00e9n\u00e9ralement, les blessures moins graves et r\u00e9centes n\u00e9cessitent moins de traitements. Il est fr\u00e9quent de se faire recommander 2 \u00e0 3 sessions durant les premi\u00e8res semaines de traitement. Une fr\u00e9quence de soins de 1 \u00e0 2 fois par semaine est souvent suffisante par la suite.[\/vc_toggle][vc_toggle title=\u00a0\u00bbCombien de temps dureront chaque visite?\u00a0\u00bb]Chaque session dure entre 30 et 90 minutes en fonction du plan de traitement.<\/p>\n<p>Le personnel de Motion Matters sera \u00e0 l&rsquo;\u00e9coute de vos exigences concernant votre horaire. Suite \u00e0 votre \u00e9valuation initiale, votre physioth\u00e9rapeute sera \u00e0 m\u00eame d&rsquo;organiser un plan de traitement individualis\u00e9 et adapt\u00e9 \u00e0 votre \u00e9tat et \u00e0 votre horaire.[\/vc_toggle][\/vc_column][\/vc_row][vc_row][vc_column][vc_empty_space][\/vc_column][\/vc_row][vc_row full_width=\u00a0\u00bbstretch_row\u00a0\u00bb css=\u00a0\u00bb.vc_custom_1528467309126{background-image: url(http:\/\/motionmatters.ca\/wp-content\/uploads\/2018\/06\/CTA-Back.jpg?id=349) !important;background-position: center !important;background-repeat: no-repeat !important;background-size: cover !important;}\u00a0\u00bb][vc_column][vc_column_text css=\u00a0\u00bb.vc_custom_1530482961988{padding-top: 20px !important;padding-bottom: 20px !important;}\u00a0\u00bb]<\/p>\n<h2 style=\"text-align: center;\"><span style=\"color: #ffffff;\">Pour prendre rendez-vous ou pour vous inscrire \u00e0 nos classes, contactez-nous\u00a0<\/span><\/h2>\n<p>[\/vc_column_text][vc_row_inner][vc_column_inner width=\u00a0\u00bb1\/2&Prime;][vc_btn title=\u00a0\u00bbCall: (613) 237-4343&Prime; style=\u00a0\u00bbflat\u00a0\u00bb color=\u00a0\u00bbwhite\u00a0\u00bb size=\u00a0\u00bblg\u00a0\u00bb align=\u00a0\u00bbright\u00a0\u00bb i_icon_fontawesome=\u00a0\u00bbfa fa-phone\u00a0\u00bb add_icon=\u00a0\u00bbtrue\u00a0\u00bb link=\u00a0\u00bburl:tel%3A(613)%20237-4343|||\u00a0\u00bb][\/vc_column_inner][vc_column_inner width=\u00a0\u00bb1\/2&Prime;][vc_btn title=\u00a0\u00bbinfo@motionmatters.ca\u00a0\u00bb style=\u00a0\u00bbflat\u00a0\u00bb color=\u00a0\u00bbwhite\u00a0\u00bb size=\u00a0\u00bblg\u00a0\u00bb i_icon_fontawesome=\u00a0\u00bbfa fa-envelope-o\u00a0\u00bb add_icon=\u00a0\u00bbtrue\u00a0\u00bb link=\u00a0\u00bburl:mailto%3Ainfo%40motionmatters.ca|||\u00a0\u00bb][\/vc_column_inner][\/vc_row_inner][\/vc_column][\/vc_row]<\/p>\n<\/div>","protected":false},"excerpt":{"rendered":"<p>[vc_row][vc_column][vc_toggle title=\u00a0\u00bbC&rsquo;est quoi la physioth\u00e9rapie?\u00a0\u00bb]La physioth\u00e9rapie est une profession param\u00e9dicale visant \u00e0 r\u00e9tablir et am\u00e9liorer le mouvement. Cette profession se d\u00e9marque par son degr\u00e9 d&rsquo;expertise vis-\u00e0-vis<span class=\"excerpt-hellip\"> [\u2026]<\/span><\/p>\n","protected":false},"author":2427,"featured_media":0,"parent":0,"menu_order":0,"comment_status":"closed","ping_status":"closed","template":"","meta":{"footnotes":""},"class_list":["post-643","page","type-page","status-publish","hentry"],"_links":{"self":[{"href":"https:\/\/motionmatters.ca\/fr\/wp-json\/wp\/v2\/pages\/643","targetHints":{"allow":["GET"]}}],"collection":[{"href":"https:\/\/motionmatters.ca\/fr\/wp-json\/wp\/v2\/pages"}],"about":[{"href":"https:\/\/motionmatters.ca\/fr\/wp-json\/wp\/v2\/types\/page"}],"author":[{"embeddable":true,"href":"https:\/\/motionmatters.ca\/fr\/wp-json\/wp\/v2\/users\/2427"}],"replies":[{"embeddable":true,"href":"https:\/\/motionmatters.ca\/fr\/wp-json\/wp\/v2\/comments?post=643"}],"version-history":[{"count":3,"href":"https:\/\/motionmatters.ca\/fr\/wp-json\/wp\/v2\/pages\/643\/revisions"}],"predecessor-version":[{"id":907,"href":"https:\/\/motionmatters.ca\/fr\/wp-json\/wp\/v2\/pages\/643\/revisions\/907"}],"wp:attachment":[{"href":"https:\/\/motionmatters.ca\/fr\/wp-json\/wp\/v2\/media?parent=643"}],"curies":[{"name":"wp","href":"https:\/\/api.w.org\/{rel}","templated":true}]}}