{"id":702,"date":"2018-07-03T14:48:41","date_gmt":"2018-07-03T14:48:41","guid":{"rendered":"http:\/\/209.59.164.201\/~motionmatters\/?page_id=702"},"modified":"2018-07-31T13:05:27","modified_gmt":"2018-07-31T13:05:27","slug":"donna-lamport-durocher","status":"publish","type":"page","link":"https:\/\/motionmatters.ca\/fr\/a-propos\/donna-lamport-durocher\/","title":{"rendered":"Donna Lamport-Durocher"},"content":{"rendered":"<div class=\"wpb-content-wrapper\"><p>[vc_row][vc_column width=\u00a0\u00bb3\/4&Prime;][vc_row_inner][vc_column_inner width=\u00a0\u00bb1\/3&Prime;][vc_empty_space height=\u00a0\u00bb20px\u00a0\u00bb][vc_single_image image=\u00a0\u00bb919&Prime; img_size=\u00a0\u00bbfull\u00a0\u00bb style=\u00a0\u00bbvc_box_shadow_border\u00a0\u00bb][\/vc_column_inner][vc_column_inner width=\u00a0\u00bb2\/3&Prime;][vc_empty_space][vc_column_text]<em><strong>Physioth\u00e9rapeutes (Owner)<\/strong><\/em><\/p>\n<h3>Donna Lamport-Durocher<\/h3>\n<p>[\/vc_column_text][vc_single_image image=\u00a0\u00bb255&Prime; img_size=\u00a0\u00bbfull\u00a0\u00bb css=\u00a0\u00bb.vc_custom_1528158089104{margin-top: 0px !important;padding-top: 0px !important;}\u00a0\u00bb][vc_column_text css=\u00a0\u00bb.vc_custom_1530630125838{margin-top: 0px !important;padding-top: 0px !important;}\u00a0\u00bb]<\/p>\n<h4><em>Donna a suivi de nombreux cours de formation postuniversitaire dans des domaines aussi vari\u00e9s que la th\u00e9rapie manuelle, l\u2019acupuncture, le diagnostique et le traitement des d\u00e9s\u00e9quilibres musculaires<\/em><\/h4>\n<p>[\/vc_column_text][\/vc_column_inner][\/vc_row_inner][vc_separator][vc_column_text]<\/p>\n<h6>Donna Lamport Durocher est physioth\u00e9rapeute certifi\u00e9e, copropri\u00e9taire et Cofondatrice de la Clinique de physioth\u00e9rapie et de blessures sportives Motion Matters. Donna termina un baccalaur\u00e9at en science et physioth\u00e9rapie \u00e0 l\u2019universit\u00e9 d\u2019Ottawa en 1995. D\u00e8s la fin de ses \u00e9tudes, elle entama une d\u00e9marche afin d\u2019obtenir l\u2019excellence tant dans sa pratique clinique que dans sa formation professionnelle. Cette recherche d\u2019excellence l\u2019amena \u00e0 se joindre \u00e0 Jo\u00eblle Segers en 1999 pour fonder avec elle, Motion Matters.<\/h6>\n<p>[\/vc_column_text][vc_column_text css=\u00a0\u00bb.vc_custom_1530630175134{border-top-width: 1px !important;border-right-width: 1px !important;border-bottom-width: 1px !important;border-left-width: 1px !important;padding-top: 20px !important;padding-right: 20px !important;padding-bottom: 20px !important;padding-left: 20px !important;border-left-color: #bfbfbf !important;border-left-style: solid !important;border-right-color: #bfbfbf !important;border-right-style: solid !important;border-top-color: #bfbfbf !important;border-top-style: solid !important;border-bottom-color: #bfbfbf !important;border-bottom-style: solid !important;border-radius: 10px !important;}\u00a0\u00bb]Donna a suivi de nombreux cours de formation postuniversitaire dans des domaines aussi vari\u00e9s que la th\u00e9rapie manuelle, l\u2019acupuncture, le diagnostique et le traitement des d\u00e9s\u00e9quilibres musculaires, des pathologies neurales dynamiques et la mobilisation du syst\u00e8me nerveux.<\/p>\n<p>Elle obtint la certification de la fondation d\u2019acupuncture du Canada en 2001. Elle approfondi ses connaissances en terminant l\u2019\u00e9tape interm\u00e9diaire du niveau avanc\u00e9 du dipl\u00f4me de physioth\u00e9rapie orthop\u00e9dique manuelle et manipulative en 2003. Elle am\u00e9liora ensuite ses techniques de manipulation vert\u00e9brales en faisant les niveaux IV et V de la division Orthop\u00e9dique de l\u2019association professionnelle. Elle participa \u00e0 l\u2019examen en vue de l\u2019obtention du niveau avanc\u00e9 en th\u00e9rapie manuelle et manipulative en 2012. Plus r\u00e9cemment, Donna a raffin\u00e9 ses techniques d\u2019\u00e9valuations en suivant le cours d\u2019\u00e9valuation des mouvements fonctionnels (SFMA). \u00a0Elle am\u00e9liore ses connaissances en acupuncture en suivant une formation en m\u00e9decine traditionnelle Chinoise (MTC).[\/vc_column_text][vc_column_text]Avec plus de 20 ans d\u2019exp\u00e9rience clinique, Donna maitrise autant les \u00e9valuations cliniques que les traitements. Elle obtient des r\u00e9sultats rapides aupr\u00e8s de ses patients gr\u00e2ce \u00e0 des diagnostiques pr\u00e9cis, par le traitement des sympt\u00f4mes et l\u2019identification des probl\u00e8mes.<\/p>\n<p>Donna est convaincue que l\u2019\u00e9ducation est essentielle \u00e0 l\u2019obtention de soins efficaces et \u00e0 la pr\u00e9vention des blessures. Tous ses traitements comportent des exercices th\u00e9rapeutiques et des conseils pratiques concernant les activit\u00e9s quotidiennes, la posture, le bien \u00eatre et l\u2019environnement de travail.[\/vc_column_text][vc_separator][vc_column_text]<\/p>\n<h6>Donna aime les d\u00e9fis que lui apporte le fait d\u2019\u00eatre \u00e0 la t\u00eate d\u2019une entreprise florissante o\u00f9 l\u2019am\u00e9lioration des connaissances cliniques contribue \u00e0 un environnement positif et \u00e0 l\u2019excellence professionnelle.<\/h6>\n<h6>Gr\u00e2ce \u00e0 la m\u00e9dicine Chinoise, le yoga et les visites \u00e0 son chalet \u00e0 la campagne, Donna maintient un \u00e9quilibre de vie avec ses deux fils et son \u00e9poux.<\/h6>\n<p>[\/vc_column_text][\/vc_column][vc_column width=\u00a0\u00bb1\/4&Prime;][vc_widget_sidebar sidebar_id=\u00a0\u00bbsidebar-our-team\u00a0\u00bb][\/vc_column][\/vc_row][vc_row full_width=\u00a0\u00bbstretch_row\u00a0\u00bb css=\u00a0\u00bb.vc_custom_1528674400296{padding-top: 30px !important;padding-bottom: 10px !important;background-image: url(http:\/\/motionmatters.ca\/wp-content\/uploads\/2018\/06\/CTA-Back.jpg?id=349) !important;background-position: center !important;background-repeat: no-repeat !important;background-size: cover !important;}\u00a0\u00bb][vc_column][vc_column_text css=\u00a0\u00bb.vc_custom_1533042294449{padding-top: 20px !important;padding-bottom: 20px !important;}\u00a0\u00bb]<\/p>\n<h2 style=\"text-align: center;\"><span style=\"color: #ffffff;\">Pour prendre rendez-vous ou pour vous inscrire \u00e0 nos classes, contactez-nous <\/span><\/h2>\n<p>[\/vc_column_text][vc_row_inner][vc_column_inner width=\u00a0\u00bb1\/2&Prime;][vc_btn title=\u00a0\u00bbCall: (613) 237-4343&Prime; style=\u00a0\u00bbflat\u00a0\u00bb color=\u00a0\u00bbwhite\u00a0\u00bb size=\u00a0\u00bblg\u00a0\u00bb align=\u00a0\u00bbright\u00a0\u00bb i_icon_fontawesome=\u00a0\u00bbfa fa-phone\u00a0\u00bb add_icon=\u00a0\u00bbtrue\u00a0\u00bb link=\u00a0\u00bburl:tel%3A(613)%20237-4343|||\u00a0\u00bb][\/vc_column_inner][vc_column_inner width=\u00a0\u00bb1\/2&Prime;][vc_btn title=\u00a0\u00bbinfo@motionmatters.ca\u00a0\u00bb style=\u00a0\u00bbflat\u00a0\u00bb color=\u00a0\u00bbwhite\u00a0\u00bb size=\u00a0\u00bblg\u00a0\u00bb i_icon_fontawesome=\u00a0\u00bbfa fa-envelope-o\u00a0\u00bb add_icon=\u00a0\u00bbtrue\u00a0\u00bb link=\u00a0\u00bburl:mailto%3Ainfo%40motionmatters.ca|||\u00a0\u00bb][\/vc_column_inner][\/vc_row_inner][\/vc_column][\/vc_row]<\/p>\n<\/div>","protected":false},"excerpt":{"rendered":"<p>[vc_row][vc_column width=\u00a0\u00bb3\/4&Prime;][vc_row_inner][vc_column_inner width=\u00a0\u00bb1\/3&Prime;][vc_empty_space height=\u00a0\u00bb20px\u00a0\u00bb][vc_single_image image=\u00a0\u00bb919&Prime; img_size=\u00a0\u00bbfull\u00a0\u00bb style=\u00a0\u00bbvc_box_shadow_border\u00a0\u00bb][\/vc_column_inner][vc_column_inner width=\u00a0\u00bb2\/3&Prime;][vc_empty_space][vc_column_text]Physioth\u00e9rapeutes (Owner) Donna Lamport-Durocher [\/vc_column_text][vc_single_image image=\u00a0\u00bb255&Prime; img_size=\u00a0\u00bbfull\u00a0\u00bb css=\u00a0\u00bb.vc_custom_1528158089104{margin-top: 0px !important;padding-top: 0px !important;}\u00a0\u00bb][vc_column_text css=\u00a0\u00bb.vc_custom_1530630125838{margin-top: 0px !important;padding-top: 0px !important;}\u00a0\u00bb] Donna a<span class=\"excerpt-hellip\"> [\u2026]<\/span><\/p>\n","protected":false},"author":2427,"featured_media":0,"parent":561,"menu_order":0,"comment_status":"closed","ping_status":"closed","template":"","meta":{"footnotes":""},"class_list":["post-702","page","type-page","status-publish","hentry"],"_links":{"self":[{"href":"https:\/\/motionmatters.ca\/fr\/wp-json\/wp\/v2\/pages\/702","targetHints":{"allow":["GET"]}}],"collection":[{"href":"https:\/\/motionmatters.ca\/fr\/wp-json\/wp\/v2\/pages"}],"about":[{"href":"https:\/\/motionmatters.ca\/fr\/wp-json\/wp\/v2\/types\/page"}],"author":[{"embeddable":true,"href":"https:\/\/motionmatters.ca\/fr\/wp-json\/wp\/v2\/users\/2427"}],"replies":[{"embeddable":true,"href":"https:\/\/motionmatters.ca\/fr\/wp-json\/wp\/v2\/comments?post=702"}],"version-history":[{"count":5,"href":"https:\/\/motionmatters.ca\/fr\/wp-json\/wp\/v2\/pages\/702\/revisions"}],"predecessor-version":[{"id":950,"href":"https:\/\/motionmatters.ca\/fr\/wp-json\/wp\/v2\/pages\/702\/revisions\/950"}],"up":[{"embeddable":true,"href":"https:\/\/motionmatters.ca\/fr\/wp-json\/wp\/v2\/pages\/561"}],"wp:attachment":[{"href":"https:\/\/motionmatters.ca\/fr\/wp-json\/wp\/v2\/media?parent=702"}],"curies":[{"name":"wp","href":"https:\/\/api.w.org\/{rel}","templated":true}]}}