{"id":714,"date":"2018-07-03T14:51:00","date_gmt":"2018-07-03T14:51:00","guid":{"rendered":"http:\/\/209.59.164.201\/~motionmatters\/?page_id=714"},"modified":"2018-07-31T13:07:40","modified_gmt":"2018-07-31T13:07:40","slug":"kathy-mcculloch","status":"publish","type":"page","link":"https:\/\/motionmatters.ca\/fr\/a-propos\/kathy-mcculloch\/","title":{"rendered":"Kathy McCulloch"},"content":{"rendered":"<div class=\"wpb-content-wrapper\"><p>[vc_row][vc_column width=\u00a0\u00bb3\/4&Prime;][vc_row_inner][vc_column_inner width=\u00a0\u00bb1\/3&Prime;][vc_empty_space height=\u00a0\u00bb20px\u00a0\u00bb][vc_single_image image=\u00a0\u00bb925&Prime; img_size=\u00a0\u00bbfull\u00a0\u00bb style=\u00a0\u00bbvc_box_shadow_border\u00a0\u00bb][\/vc_column_inner][vc_column_inner width=\u00a0\u00bb2\/3&Prime;][vc_empty_space][vc_column_text]<em><strong>Physioth\u00e9rapeutes<\/strong><\/em><\/p>\n<h3>Kathy McCulloch<\/h3>\n<p>[\/vc_column_text][vc_single_image image=\u00a0\u00bb255&Prime; img_size=\u00a0\u00bbfull\u00a0\u00bb css=\u00a0\u00bb.vc_custom_1528158089104{margin-top: 0px !important;padding-top: 0px !important;}\u00a0\u00bb][vc_column_text css=\u00a0\u00bb.vc_custom_1530631865339{margin-top: 0px !important;padding-top: 0px !important;}\u00a0\u00bb]<\/p>\n<h4><em>Kathy McCulloch termina un Baccalaur\u00e9at en psychologie en 1989 \u00e0 l&rsquo;universit\u00e9 Queen. Elle continua ses \u00e9tude de physioth\u00e9rapie \u00e0 l&rsquo;universit\u00e9 McMaster o\u00f9 elle finit son Baccalaur\u00e9at en 1993.<\/em><\/h4>\n<p>[\/vc_column_text][\/vc_column_inner][\/vc_row_inner][vc_separator][vc_column_text]<\/p>\n<h6>Kathy McCulloch termina un Baccalaur\u00e9at en psychologie en 1989 \u00e0 l&rsquo;universit\u00e9 Queen. Elle continua ses \u00e9tude de physioth\u00e9rapie \u00e0 l&rsquo;universit\u00e9 McMaster o\u00f9 elle finit son Baccalaur\u00e9at en 1993. Elle travailla pendant plus de 10 ans dans le domaine de la physioth\u00e9rapie orthop\u00e9dique. C&rsquo;est en ao\u00fbt 2006 que Kathy se joignit \u00e0 l&rsquo;\u00e9quipe de physioth\u00e9rapeutes de Motion Matters.<\/h6>\n<h6>Passionn\u00e9e par sa profession, Kathy suivit et continue de prendre de nombreuses formations post-universitaires pour approfondir les connaissances professionnelles. Son d\u00e9vouement aupr\u00e8s de ses patients, sa recherche de l&rsquo;excellence et sa passion pour sa profession en font un \u00e9l\u00e9ment clef de notre grandissante \u00e9quipe.<\/h6>\n<p>[\/vc_column_text][vc_column_text css=\u00a0\u00bb.vc_custom_1530631885060{border-top-width: 1px !important;border-right-width: 1px !important;border-bottom-width: 1px !important;border-left-width: 1px !important;padding-top: 20px !important;padding-right: 20px !important;padding-bottom: 20px !important;padding-left: 20px !important;border-left-color: #bfbfbf !important;border-left-style: solid !important;border-right-color: #bfbfbf !important;border-right-style: solid !important;border-top-color: #bfbfbf !important;border-top-style: solid !important;border-bottom-color: #bfbfbf !important;border-bottom-style: solid !important;border-radius: 10px !important;}\u00a0\u00bb]Sa large exp\u00e9rience de th\u00e9rapeute se retrouve dans ses diff\u00e9rents traitements de th\u00e9rapie manuelle incluant entre autre, des traitements myofascials, des mobilisations articulaires, des frictions, du drainage lymphatique et des manipulations. En 1997, Kathy prouva ses connaissances en physioth\u00e9rapie orthop\u00e9dique en r\u00e9ussissant l&rsquo;examen de th\u00e9rapie manuelle et de manipulation orthop\u00e9dique de niveau interm\u00e9diaire (anciennement examen de th\u00e9rapie manuelle, partie A).[\/vc_column_text][vc_column_text]En plus de ses connaissances en th\u00e9rapie manuelles, Kathy a ajout\u00e9 \u00e0 sa formation des techniques telles que celle de Sahrmann, de McKenzie (A &amp; B), de th\u00e9rapie par les exercices, de taping athl\u00e9tique et de tests de la tension des fibres nerveuses par Butler.[\/vc_column_text][vc_column_text]<\/p>\n<h6><em>En tant que physioth\u00e9rapeute, Kathy est particuli\u00e8rement int\u00e9ress\u00e9e par le d\u00e9fi que repr\u00e9sente les soins aux coureurs et autres blessures sportives. Forme physique, travail \u00e0 mi-temps et vie familiale sont indispensables \u00e0 un \u00e9quilibre harmonieux. Kathy s&rsquo;est r\u00e9cemment fix\u00e9 pour objectif de faire son premier triathlon.<\/em><\/h6>\n<p>[\/vc_column_text][\/vc_column][vc_column width=\u00a0\u00bb1\/4&Prime;][vc_widget_sidebar sidebar_id=\u00a0\u00bbsidebar-our-team\u00a0\u00bb][\/vc_column][\/vc_row][vc_row full_width=\u00a0\u00bbstretch_row\u00a0\u00bb css=\u00a0\u00bb.vc_custom_1528674400296{padding-top: 30px !important;padding-bottom: 10px !important;background-image: url(http:\/\/motionmatters.ca\/wp-content\/uploads\/2018\/06\/CTA-Back.jpg?id=349) !important;background-position: center !important;background-repeat: no-repeat !important;background-size: cover !important;}\u00a0\u00bb][vc_column][vc_column_text css=\u00a0\u00bb.vc_custom_1533042457524{padding-top: 20px !important;padding-bottom: 20px !important;}\u00a0\u00bb]<\/p>\n<h2 style=\"text-align: center;\"><span style=\"color: #ffffff;\">Pour prendre rendez-vous ou pour vous inscrire \u00e0 nos classes, contactez-nous\u00a0<\/span><\/h2>\n<p>[\/vc_column_text][vc_row_inner][vc_column_inner width=\u00a0\u00bb1\/2&Prime;][vc_btn title=\u00a0\u00bbCall: (613) 237-4343&Prime; style=\u00a0\u00bbflat\u00a0\u00bb color=\u00a0\u00bbwhite\u00a0\u00bb size=\u00a0\u00bblg\u00a0\u00bb align=\u00a0\u00bbright\u00a0\u00bb i_icon_fontawesome=\u00a0\u00bbfa fa-phone\u00a0\u00bb add_icon=\u00a0\u00bbtrue\u00a0\u00bb link=\u00a0\u00bburl:tel%3A(613)%20237-4343|||\u00a0\u00bb][\/vc_column_inner][vc_column_inner width=\u00a0\u00bb1\/2&Prime;][vc_btn title=\u00a0\u00bbinfo@motionmatters.ca\u00a0\u00bb style=\u00a0\u00bbflat\u00a0\u00bb color=\u00a0\u00bbwhite\u00a0\u00bb size=\u00a0\u00bblg\u00a0\u00bb i_icon_fontawesome=\u00a0\u00bbfa fa-envelope-o\u00a0\u00bb add_icon=\u00a0\u00bbtrue\u00a0\u00bb link=\u00a0\u00bburl:mailto%3Ainfo%40motionmatters.ca|||\u00a0\u00bb][\/vc_column_inner][\/vc_row_inner][\/vc_column][\/vc_row]<\/p>\n<\/div>","protected":false},"excerpt":{"rendered":"<p>[vc_row][vc_column width=\u00a0\u00bb3\/4&Prime;][vc_row_inner][vc_column_inner width=\u00a0\u00bb1\/3&Prime;][vc_empty_space height=\u00a0\u00bb20px\u00a0\u00bb][vc_single_image image=\u00a0\u00bb925&Prime; img_size=\u00a0\u00bbfull\u00a0\u00bb style=\u00a0\u00bbvc_box_shadow_border\u00a0\u00bb][\/vc_column_inner][vc_column_inner width=\u00a0\u00bb2\/3&Prime;][vc_empty_space][vc_column_text]Physioth\u00e9rapeutes Kathy McCulloch [\/vc_column_text][vc_single_image image=\u00a0\u00bb255&Prime; img_size=\u00a0\u00bbfull\u00a0\u00bb css=\u00a0\u00bb.vc_custom_1528158089104{margin-top: 0px !important;padding-top: 0px !important;}\u00a0\u00bb][vc_column_text css=\u00a0\u00bb.vc_custom_1530631865339{margin-top: 0px !important;padding-top: 0px !important;}\u00a0\u00bb] Kathy McCulloch termina<span class=\"excerpt-hellip\"> [\u2026]<\/span><\/p>\n","protected":false},"author":2427,"featured_media":0,"parent":561,"menu_order":0,"comment_status":"closed","ping_status":"closed","template":"","meta":{"footnotes":""},"class_list":["post-714","page","type-page","status-publish","hentry"],"_links":{"self":[{"href":"https:\/\/motionmatters.ca\/fr\/wp-json\/wp\/v2\/pages\/714","targetHints":{"allow":["GET"]}}],"collection":[{"href":"https:\/\/motionmatters.ca\/fr\/wp-json\/wp\/v2\/pages"}],"about":[{"href":"https:\/\/motionmatters.ca\/fr\/wp-json\/wp\/v2\/types\/page"}],"author":[{"embeddable":true,"href":"https:\/\/motionmatters.ca\/fr\/wp-json\/wp\/v2\/users\/2427"}],"replies":[{"embeddable":true,"href":"https:\/\/motionmatters.ca\/fr\/wp-json\/wp\/v2\/comments?post=714"}],"version-history":[{"count":5,"href":"https:\/\/motionmatters.ca\/fr\/wp-json\/wp\/v2\/pages\/714\/revisions"}],"predecessor-version":[{"id":953,"href":"https:\/\/motionmatters.ca\/fr\/wp-json\/wp\/v2\/pages\/714\/revisions\/953"}],"up":[{"embeddable":true,"href":"https:\/\/motionmatters.ca\/fr\/wp-json\/wp\/v2\/pages\/561"}],"wp:attachment":[{"href":"https:\/\/motionmatters.ca\/fr\/wp-json\/wp\/v2\/media?parent=714"}],"curies":[{"name":"wp","href":"https:\/\/api.w.org\/{rel}","templated":true}]}}