{"id":731,"date":"2018-07-03T14:53:23","date_gmt":"2018-07-03T14:53:23","guid":{"rendered":"http:\/\/209.59.164.201\/~motionmatters\/?page_id=731"},"modified":"2018-07-31T13:13:17","modified_gmt":"2018-07-31T13:13:17","slug":"stephanie-richard","status":"publish","type":"page","link":"https:\/\/motionmatters.ca\/fr\/a-propos\/stephanie-richard\/","title":{"rendered":"St\u00e9phanie Richard"},"content":{"rendered":"<div class=\"wpb-content-wrapper\"><p>[vc_row][vc_column width=\u00a0\u00bb3\/4&Prime;][vc_row_inner][vc_column_inner width=\u00a0\u00bb1\/3&Prime;][vc_empty_space height=\u00a0\u00bb20px\u00a0\u00bb][vc_single_image image=\u00a0\u00bb929&Prime; img_size=\u00a0\u00bbfull\u00a0\u00bb style=\u00a0\u00bbvc_box_shadow_border\u00a0\u00bb][\/vc_column_inner][vc_column_inner width=\u00a0\u00bb2\/3&Prime;][vc_empty_space][vc_column_text]<em><strong>Physioth\u00e9rapeutes<\/strong><\/em><\/p>\n<h3>St\u00e9phanie Richard<\/h3>\n<p>[\/vc_column_text][vc_single_image image=\u00a0\u00bb255&Prime; img_size=\u00a0\u00bbfull\u00a0\u00bb css=\u00a0\u00bb.vc_custom_1528158089104{margin-top: 0px !important;padding-top: 0px !important;}\u00a0\u00bb][vc_column_text css=\u00a0\u00bb.vc_custom_1530632388743{margin-top: 0px !important;padding-top: 0px !important;}\u00a0\u00bb]<\/p>\n<h4><em>St\u00e9phanie est passionn\u00e9e par sa profession et a un int\u00e9r\u00e9t particulier pour le r\u00e9tablissement des blessures sportives et des proc\u00e9dures post-chirurgicales.\u00a0 Elle utilise diverses m\u00e9thodes de traitements afin de promouvoir la gu\u00e9rison compl\u00e8te et permettre ainsi \u00e0 ses patients de retrouver une fonction optimale.<\/em><\/h4>\n<p>[\/vc_column_text][\/vc_column_inner][\/vc_row_inner][vc_separator][vc_column_text]<\/p>\n<h6>Dipl\u00f4m\u00e9e de l&rsquo;Universit\u00e9 d&rsquo;Ottawa avec un Baccalaur\u00e9at en Physioth\u00e9rapie, St\u00e9phanie Richard s&rsquo;est jointe \u00e0 l&rsquo;\u00e9quipe de Motion Matters en 2004. Elle a continu\u00e9 sa formation postuniversitaire en suivant des cours sp\u00e9cialis\u00e9s tels que l\u2019Acuponcture, la Th\u00e9rapie Manuelle, les Rel\u00e2chements Myofasciaux, l\u2019approche MacKenzie,, ainsi qu\u2019un cours en \u00e9valuation fonctionnelle (certification SFMA).\u00a0 Elle a \u00e9galement obtenu un certificat de l&rsquo;Institut ISTOP lui permettant de pratiquer la Stimulation Intramusculaire (Gunn IMS).<\/h6>\n<p>[\/vc_column_text][vc_column_text css=\u00a0\u00bb.vc_custom_1530632401732{border-top-width: 1px !important;border-right-width: 1px !important;border-bottom-width: 1px !important;border-left-width: 1px !important;padding-top: 20px !important;padding-right: 20px !important;padding-bottom: 20px !important;padding-left: 20px !important;border-left-color: #bfbfbf !important;border-left-style: solid !important;border-right-color: #bfbfbf !important;border-right-style: solid !important;border-top-color: #bfbfbf !important;border-top-style: solid !important;border-bottom-color: #bfbfbf !important;border-bottom-style: solid !important;border-radius: 10px !important;}\u00a0\u00bb]St\u00e9phanie est passionn\u00e9e par sa profession et a un int\u00e9r\u00e9t particulier pour le r\u00e9tablissement des blessures sportives et des proc\u00e9dures post-chirurgicales.\u00a0 Elle utilise diverses m\u00e9thodes de traitements afin de promouvoir la gu\u00e9rison compl\u00e8te et permettre ainsi \u00e0 ses patients de retrouver une fonction optimale.[\/vc_column_text][vc_column_text]St\u00e9phanie est passionn\u00e9e par l&rsquo;escalade et aime aider les grimpeurs \u00e0 y retourner apr\u00e9s une blessure. Elle vient de participer au 1er Symposium Canadien de &lsquo;Climbing Medecine\u2019 afin d&rsquo;approfondir ses connaissances sur la pr\u00e9vention, l\u2019\u00e9valuation et les traitements de blessures d&rsquo;escalade[\/vc_column_text][vc_separator][vc_column_text]<\/p>\n<h6><em>Durant ses heures de loisir, St\u00e9phanie aime faire de l&rsquo;escalade, de la planche \u00e0 neige, de la raquette, jouer au soccer. Adepte du plein-air, elle aime voyager autour du monde et faire de la randonn\u00e9e p\u00e9destre at de l&rsquo;escalade avec sa famille. Avec son enthousiasme et sa personnalit\u00e9 dynamique, elle d\u00e9sire motiver ses patients afin qu\u2019ils atteignent leurs objectifs physiques tout en pr\u00e9servant leur sant\u00e9.<\/em><\/h6>\n<p>[\/vc_column_text][\/vc_column][vc_column width=\u00a0\u00bb1\/4&Prime;][vc_widget_sidebar sidebar_id=\u00a0\u00bbsidebar-our-team\u00a0\u00bb][\/vc_column][\/vc_row][vc_row full_width=\u00a0\u00bbstretch_row\u00a0\u00bb css=\u00a0\u00bb.vc_custom_1528674400296{padding-top: 30px !important;padding-bottom: 10px !important;background-image: url(http:\/\/motionmatters.ca\/wp-content\/uploads\/2018\/06\/CTA-Back.jpg?id=349) !important;background-position: center !important;background-repeat: no-repeat !important;background-size: cover !important;}\u00a0\u00bb][vc_column][vc_column_text css=\u00a0\u00bb.vc_custom_1533042534423{padding-top: 20px !important;padding-bottom: 20px !important;}\u00a0\u00bb]<\/p>\n<h2 style=\"text-align: center;\"><span style=\"color: #ffffff;\">Pour prendre rendez-vous ou pour vous inscrire \u00e0 nos classes, contactez-nous\u00a0<\/span><\/h2>\n<p>[\/vc_column_text][vc_row_inner][vc_column_inner width=\u00a0\u00bb1\/2&Prime;][vc_btn title=\u00a0\u00bbCall: (613) 237-4343&Prime; style=\u00a0\u00bbflat\u00a0\u00bb color=\u00a0\u00bbwhite\u00a0\u00bb size=\u00a0\u00bblg\u00a0\u00bb align=\u00a0\u00bbright\u00a0\u00bb i_icon_fontawesome=\u00a0\u00bbfa fa-phone\u00a0\u00bb add_icon=\u00a0\u00bbtrue\u00a0\u00bb link=\u00a0\u00bburl:tel%3A(613)%20237-4343|||\u00a0\u00bb][\/vc_column_inner][vc_column_inner width=\u00a0\u00bb1\/2&Prime;][vc_btn title=\u00a0\u00bbinfo@motionmatters.ca\u00a0\u00bb style=\u00a0\u00bbflat\u00a0\u00bb color=\u00a0\u00bbwhite\u00a0\u00bb size=\u00a0\u00bblg\u00a0\u00bb i_icon_fontawesome=\u00a0\u00bbfa fa-envelope-o\u00a0\u00bb add_icon=\u00a0\u00bbtrue\u00a0\u00bb link=\u00a0\u00bburl:mailto%3Ainfo%40motionmatters.ca|||\u00a0\u00bb][\/vc_column_inner][\/vc_row_inner][\/vc_column][\/vc_row]<\/p>\n<\/div>","protected":false},"excerpt":{"rendered":"<p>[vc_row][vc_column width=\u00a0\u00bb3\/4&Prime;][vc_row_inner][vc_column_inner width=\u00a0\u00bb1\/3&Prime;][vc_empty_space height=\u00a0\u00bb20px\u00a0\u00bb][vc_single_image image=\u00a0\u00bb929&Prime; img_size=\u00a0\u00bbfull\u00a0\u00bb style=\u00a0\u00bbvc_box_shadow_border\u00a0\u00bb][\/vc_column_inner][vc_column_inner width=\u00a0\u00bb2\/3&Prime;][vc_empty_space][vc_column_text]Physioth\u00e9rapeutes St\u00e9phanie Richard [\/vc_column_text][vc_single_image image=\u00a0\u00bb255&Prime; img_size=\u00a0\u00bbfull\u00a0\u00bb css=\u00a0\u00bb.vc_custom_1528158089104{margin-top: 0px !important;padding-top: 0px !important;}\u00a0\u00bb][vc_column_text css=\u00a0\u00bb.vc_custom_1530632388743{margin-top: 0px !important;padding-top: 0px !important;}\u00a0\u00bb] St\u00e9phanie est passionn\u00e9e<span class=\"excerpt-hellip\"> [\u2026]<\/span><\/p>\n","protected":false},"author":2427,"featured_media":0,"parent":561,"menu_order":0,"comment_status":"closed","ping_status":"closed","template":"","meta":{"footnotes":""},"class_list":["post-731","page","type-page","status-publish","hentry"],"_links":{"self":[{"href":"https:\/\/motionmatters.ca\/fr\/wp-json\/wp\/v2\/pages\/731","targetHints":{"allow":["GET"]}}],"collection":[{"href":"https:\/\/motionmatters.ca\/fr\/wp-json\/wp\/v2\/pages"}],"about":[{"href":"https:\/\/motionmatters.ca\/fr\/wp-json\/wp\/v2\/types\/page"}],"author":[{"embeddable":true,"href":"https:\/\/motionmatters.ca\/fr\/wp-json\/wp\/v2\/users\/2427"}],"replies":[{"embeddable":true,"href":"https:\/\/motionmatters.ca\/fr\/wp-json\/wp\/v2\/comments?post=731"}],"version-history":[{"count":6,"href":"https:\/\/motionmatters.ca\/fr\/wp-json\/wp\/v2\/pages\/731\/revisions"}],"predecessor-version":[{"id":762,"href":"https:\/\/motionmatters.ca\/fr\/wp-json\/wp\/v2\/pages\/731\/revisions\/762"}],"up":[{"embeddable":true,"href":"https:\/\/motionmatters.ca\/fr\/wp-json\/wp\/v2\/pages\/561"}],"wp:attachment":[{"href":"https:\/\/motionmatters.ca\/fr\/wp-json\/wp\/v2\/media?parent=731"}],"curies":[{"name":"wp","href":"https:\/\/api.w.org\/{rel}","templated":true}]}}