{"id":794,"date":"2018-07-05T12:33:12","date_gmt":"2018-07-05T12:33:12","guid":{"rendered":"http:\/\/209.59.164.201\/~motionmatters\/?page_id=794"},"modified":"2018-07-31T12:16:42","modified_gmt":"2018-07-31T12:16:42","slug":"nos-traitements","status":"publish","type":"page","link":"https:\/\/motionmatters.ca\/fr\/nos-traitements\/","title":{"rendered":"Nos traitements"},"content":{"rendered":"<div class=\"wpb-content-wrapper\"><p>[vc_row gap=\u00a0\u00bb20&Prime;][vc_column width=\u00a0\u00bb1\/4&Prime; css=\u00a0\u00bb.vc_custom_1528507597054{background-color: rgba(221,239,255,0.35) !important;*background-color: rgb(221,239,255) !important;border-radius: 5px !important;}\u00a0\u00bb]<div class=\"icon_box icon_position_top no_border\"><a class=\"\" href=\"https:\/\/motionmatters.ca\/fr\/acupuncture\/\"  ><div class=\"image_wrapper\"><img decoding=\"async\" src=\"https:\/\/motionmatters.ca\/wp-content\/uploads\/2018\/06\/Acupuncture-1.png\" class=\"scale-with-grid\" alt=\"Nos traitements\" width=\"\" height=\"\"\/><\/div><div class=\"desc_wrapper\"><h4 class=\"title\">Acupuncture<\/h4><div class=\"desc\">L\u00b4acupuncture est une th\u00e9rapie qui permet la<\/div><\/div><\/a><\/div>\n[\/vc_column][vc_column width=\u00a0\u00bb1\/4&Prime; css=\u00a0\u00bb.vc_custom_1528508833649{background-color: #f9f9f9 !important;border-radius: 5px !important;}\u00a0\u00bb]<div class=\"icon_box icon_position_top no_border\"><a class=\"\" href=\"https:\/\/motionmatters.ca\/fr\/modalites-electriques\/\"  ><div class=\"image_wrapper\"><img decoding=\"async\" src=\"https:\/\/motionmatters.ca\/wp-content\/uploads\/2018\/06\/Pain-2.png\" class=\"scale-with-grid\" alt=\"Nos traitements\" width=\"\" height=\"\"\/><\/div><div class=\"desc_wrapper\"><h4 class=\"title\">Modalit\u00e9s \u00e9lectriques<\/h4><div class=\"desc\">La clinique Motion Matters a deux machines \u00e0 courants interf\u00e9rentiels<\/div><\/div><\/a><\/div>\n[\/vc_column][vc_column width=\u00a0\u00bb1\/4&Prime; css=\u00a0\u00bb.vc_custom_1528507679249{background-color: rgba(221,239,255,0.35) !important;*background-color: rgb(221,239,255) !important;border-radius: 5px !important;}\u00a0\u00bb]<div class=\"icon_box icon_position_top no_border\"><a class=\"\" href=\"https:\/\/motionmatters.ca\/fr\/mouvements-fonctionnels\/\"  ><div class=\"image_wrapper\"><img decoding=\"async\" src=\"https:\/\/motionmatters.ca\/wp-content\/uploads\/2018\/06\/Excercise-2.png\" class=\"scale-with-grid\" alt=\"Nos traitements\" width=\"\" height=\"\"\/><\/div><div class=\"desc_wrapper\"><h4 class=\"title\">Mouvements fonctionnels<\/h4><div class=\"desc\">Il s\u2019agit ici d\u2019examiner (sans diagnostiquer) une s\u00e9rie<\/div><\/div><\/a><\/div>\n[\/vc_column][vc_column width=\u00a0\u00bb1\/4&Prime; css=\u00a0\u00bb.vc_custom_1528508840503{background-color: #f9f9f9 !important;border-radius: 5px !important;}\u00a0\u00bb]<div class=\"icon_box icon_position_top no_border\"><a class=\"\" href=\"https:\/\/motionmatters.ca\/fr\/prevention-des-blessures\/\"  ><div class=\"image_wrapper\"><img decoding=\"async\" src=\"https:\/\/motionmatters.ca\/wp-content\/uploads\/2018\/06\/Injury.png\" class=\"scale-with-grid\" alt=\"Nos traitements\" width=\"\" height=\"\"\/><\/div><div class=\"desc_wrapper\"><h4 class=\"title\">Prevention des blessures<\/h4><div class=\"desc\">L\u2019activit\u00e9 physique est une \u00e9tape essentielle \u00e0 votre sant\u00e9<\/div><\/div><\/a><\/div>\n[\/vc_column][\/vc_row][vc_row gap=\u00a0\u00bb20&Prime;][vc_column width=\u00a0\u00bb1\/4&Prime; css=\u00a0\u00bb.vc_custom_1528508789678{background-color: #f9f9f9 !important;border-radius: 5px !important;}\u00a0\u00bb]<div class=\"icon_box icon_position_top no_border\"><a class=\"\" href=\"https:\/\/motionmatters.ca\/fr\/la-stimulation-intramusculaire-sim\/\"  ><div class=\"image_wrapper\"><img decoding=\"async\" src=\"https:\/\/motionmatters.ca\/wp-content\/uploads\/2018\/06\/Needling-2.png\" class=\"scale-with-grid\" alt=\"Nos traitements\" width=\"\" height=\"\"\/><\/div><div class=\"desc_wrapper\"><h4 class=\"title\">La Stimulation Intramusculaire<\/h4><div class=\"desc\">La Stimulation Intramusculaire<\/div><\/div><\/a><\/div>\n[\/vc_column][vc_column width=\u00a0\u00bb1\/4&Prime; css=\u00a0\u00bb.vc_custom_1528507672235{background-color: rgba(221,239,255,0.35) !important;*background-color: rgb(221,239,255) !important;border-radius: 5px !important;}\u00a0\u00bb]<div class=\"icon_box icon_position_top no_border\"><a class=\"\" href=\"https:\/\/motionmatters.ca\/fr\/therapie-manuelle\/\"  ><div class=\"image_wrapper\"><img decoding=\"async\" src=\"https:\/\/motionmatters.ca\/wp-content\/uploads\/2018\/06\/Excercise.png\" class=\"scale-with-grid\" alt=\"Nos traitements\" width=\"\" height=\"\"\/><\/div><div class=\"desc_wrapper\"><h4 class=\"title\">Th\u00e9rapie manuelle<\/h4><div class=\"desc\">L\u2019effet de ces man\u0153uvres sera d\u2019encourager la mobilit\u00e9<\/div><\/div><\/a><\/div>\n[\/vc_column][vc_column width=\u00a0\u00bb1\/4&Prime; css=\u00a0\u00bb.vc_custom_1528508827401{background-color: #f9f9f9 !important;border-radius: 5px !important;}\u00a0\u00bb]<div class=\"icon_box icon_position_top no_border\"><a class=\"\" href=\"https:\/\/motionmatters.ca\/fr\/gestion-de-la-douleur\/\"  ><div class=\"image_wrapper\"><img decoding=\"async\" src=\"https:\/\/motionmatters.ca\/wp-content\/uploads\/2018\/06\/manual-Therapy.png\" class=\"scale-with-grid\" alt=\"Nos traitements\" width=\"\" height=\"\"\/><\/div><div class=\"desc_wrapper\"><h4 class=\"title\">Gestion de la douleur<\/h4><div class=\"desc\">Nos th\u00e9rapeutes vous aideront \u00e0 g\u00e9rer et si possible r\u00e9soudre l\u2019origine<\/div><\/div><\/a><\/div>\n[\/vc_column][vc_column width=\u00a0\u00bb1\/4&Prime; css=\u00a0\u00bb.vc_custom_1528507685042{background-color: rgba(221,239,255,0.35) !important;*background-color: rgb(221,239,255) !important;border-radius: 5px !important;}\u00a0\u00bb]<div class=\"icon_box icon_position_top no_border\"><a class=\"\" href=\"https:\/\/motionmatters.ca\/fr\/education-posturale\/\"  ><div class=\"image_wrapper\"><img decoding=\"async\" src=\"https:\/\/motionmatters.ca\/wp-content\/uploads\/2018\/06\/Pain.png\" class=\"scale-with-grid\" alt=\"Nos traitements\" width=\"\" height=\"\"\/><\/div><div class=\"desc_wrapper\"><h4 class=\"title\">\u00c9ducation posturale<\/h4><div class=\"desc\">Les douleurs de cou et de dos sont souvent aggrav\u00e9es <\/div><\/div><\/a><\/div>\n[\/vc_column][\/vc_row][vc_row gap=\u00a0\u00bb20&Prime;][vc_column width=\u00a0\u00bb1\/4&Prime;][\/vc_column][vc_column width=\u00a0\u00bb1\/4&Prime; css=\u00a0\u00bb.vc_custom_1528508827401{background-color: #f9f9f9 !important;border-radius: 5px !important;}\u00a0\u00bb]<div class=\"icon_box icon_position_top no_border\"><a class=\"\" href=\"https:\/\/motionmatters.ca\/fr\/soins-perinataux\/\"  ><div class=\"image_wrapper\"><img decoding=\"async\" src=\"https:\/\/motionmatters.ca\/wp-content\/uploads\/2018\/06\/Needling.png\" class=\"scale-with-grid\" alt=\"Nos traitements\" width=\"\" height=\"\"\/><\/div><div class=\"desc_wrapper\"><h4 class=\"title\">Soins p\u00e9rinataux<\/h4><div class=\"desc\">La grossesse est une p\u00e9riode o\u00f9 la femme ressent de nombreux <\/div><\/div><\/a><\/div>\n[\/vc_column][vc_column width=\u00a0\u00bb1\/4&Prime; css=\u00a0\u00bb.vc_custom_1528507672235{background-color: rgba(221,239,255,0.35) !important;*background-color: rgb(221,239,255) !important;border-radius: 5px !important;}\u00a0\u00bb]<div class=\"icon_box icon_position_top no_border\"><a class=\"\" href=\"https:\/\/motionmatters.ca\/fr\/aiguillage-des-points-de-gachette-ou-trigger-point\/\"  ><div class=\"image_wrapper\"><img decoding=\"async\" src=\"https:\/\/motionmatters.ca\/wp-content\/uploads\/2018\/06\/Prenatal.png\" class=\"scale-with-grid\" alt=\"Nos traitements\" width=\"\" height=\"\"\/><\/div><div class=\"desc_wrapper\"><h4 class=\"title\">Aiguillage des points de g\u00e2chette ou Trigger Point<\/h4><div class=\"desc\">ou points de g\u00e2chettes sont<\/div><\/div><\/a><\/div>\n[\/vc_column][vc_column width=\u00a0\u00bb1\/4&Prime;][\/vc_column][\/vc_row][vc_row][vc_column][vc_empty_space][\/vc_column][\/vc_row][vc_row][vc_column][vc_separator][vc_column_text]<\/p>\n<h3>Quelles sont les probl\u00e8mes pouvant b\u00e9n\u00e9ficier de traitements de physioth\u00e9rapie?<\/h3>\n<p>Les effets b\u00e9n\u00e9fiques de la physioth\u00e9rapie ont \u00e9t\u00e9 d\u00e9montr\u00e9s dans les cas de traitements efficaces pour :[\/vc_column_text][vc_row_inner][vc_column_inner width=\u00a0\u00bb1\/3&Prime;][vc_column_text]<\/p>\n<ul>\n<li>Douleurs aigu\u00ebs, chroniques ou douleur postop\u00e9ratoires<\/li>\n<li>Arthrites<\/li>\n<li>Douleurs de dos ou de cou<\/li>\n<li>Capsulites et \u00e9paules gel\u00e9es<\/li>\n<li>Syndrome du canal carpien<\/li>\n<li>Maladie discale d\u00e9g\u00e9n\u00e9rative (DDD) et hernie discale<\/li>\n<\/ul>\n<p>[\/vc_column_text][\/vc_column_inner][vc_column_inner width=\u00a0\u00bb1\/3&Prime;][vc_column_text]<\/p>\n<ul>\n<li>Formation de tissus cicatriciels<\/li>\n<li>Raideurs articulaires ou musculaires<\/li>\n<li>Entorses et spasmes musculaires<\/li>\n<li>L\u00e9sions myofaciales<\/li>\n<li>Syndrome f\u00e9moro-patellaire<\/li>\n<li>\u00c9pine de Lenoir<\/li>\n<\/ul>\n<p>[\/vc_column_text][\/vc_column_inner][vc_column_inner width=\u00a0\u00bb1\/3&Prime;][vc_column_text]<\/p>\n<ul>\n<li>Douleurs r\u00e9f\u00e9r\u00e9es et\/ou engourdissements des membres<\/li>\n<li>Irritation des racines nerveuses de la moelle \u00e9pini\u00e8re<\/li>\n<li>Tendinites and bursites<\/li>\n<li>Dysfonction de la m\u00e2choire (d\u00e9rangement temporomandibulaire)<\/li>\n<\/ul>\n<p>[\/vc_column_text][\/vc_column_inner][\/vc_row_inner][\/vc_column][\/vc_row][vc_row full_width=\u00a0\u00bbstretch_row\u00a0\u00bb parallax=\u00a0\u00bbcontent-moving\u00a0\u00bb parallax_image=\u00a0\u00bb388&Prime; parallax_speed_bg=\u00a0\u00bb2.5&Prime; css=\u00a0\u00bb.vc_custom_1528509588977{padding-top: 30px !important;padding-bottom: 20px !important;}\u00a0\u00bb][vc_column][vc_column_text css=\u00a0\u00bb.vc_custom_1530793832891{padding-bottom: 15px !important;}\u00a0\u00bb]<\/p>\n<h2 style=\"text-align: center;\"><span style=\"color: #ffffff;\">Quels sont les traitements disponibles \u00e0 la clinique Motion Matters?<\/span><\/h2>\n<p style=\"text-align: center;\"><span style=\"color: #ffffff;\">Une session de physioth\u00e9rapie \u00e0 la clinique Motion Matters pourrait inclure diff\u00e9rentes modalit\u00e9s :<\/span><\/p>\n<p>[\/vc_column_text][vc_row_inner][vc_column_inner width=\u00a0\u00bb1\/2&Prime;][vc_column_text]<\/p>\n<ul>\n<li><span style=\"color: #ffffff;\">Acupuncture et aiguillage des points de g\u00e2chette<\/span><\/li>\n<li><span style=\"color: #ffffff;\">\u00c9ducation posturale<\/span><\/li>\n<li><span style=\"color: #ffffff;\">Electrical Modalities, including Th\u00e9rapie au LASER, Courants interf\u00e9rentiels, T.E.N.S., Traitement par ultrason<\/span><\/li>\n<li><span style=\"color: #ffffff;\">Examen des mouvements fonctionnels (FMS) et \u00c9valuation sp\u00e9cifique des mouvements fonctionnels (SFMA)<\/span><\/li>\n<li><span style=\"color: #ffffff;\">Exercices th\u00e9rapeutiques et de stabilisation<\/span><\/li>\n<li><span style=\"color: #ffffff;\">Gestion de la douleur<\/span><\/li>\n<\/ul>\n<p>[\/vc_column_text][\/vc_column_inner][vc_column_inner width=\u00a0\u00bb1\/2&Prime;][vc_column_text]<\/p>\n<ul>\n<li><span style=\"color: #ffffff;\">La Stimulation Intramusculaire (SIM)<\/span><\/li>\n<li><span style=\"color: #ffffff;\">Soins pr\u00e9ventifs<\/span><\/li>\n<li><span style=\"color: #ffffff;\">Massage th\u00e9rapeutique<\/span><\/li>\n<li><span style=\"color: #ffffff;\">S\u00e9ances d&rsquo;exercices pr\u00e9natales et postnatales<\/span><\/li>\n<li><span style=\"color: #ffffff;\">Stimulation \u00e9lectrique neuromusculaire (NMSE)<\/span><\/li>\n<li><span style=\"color: #ffffff;\">Th\u00e9rapie manuelle<\/span><\/li>\n<\/ul>\n<p>[\/vc_column_text][\/vc_column_inner][\/vc_row_inner][\/vc_column][\/vc_row][vc_row][vc_column][vc_separator][vc_row_inner][vc_column_inner width=\u00a0\u00bb2\/3&Prime;][vc_column_text css=\u00a0\u00bb.vc_custom_1530793776021{padding-top: 20px !important;}\u00a0\u00bb]<\/p>\n<h3>Quels sont les effets scientifiques des traitements de physioth\u00e9rapie?<\/h3>\n<p>Chaque option de traitement offre une combinaison d\u2019effets th\u00e9rapeutiques. La liste suivante regroupe les effets scientifiquement prouv\u00e9s des soins de physioth\u00e9rapie :<\/p>\n<ul>\n<li>Encourage la stimulation et la r\u00e9g\u00e9n\u00e9ration nerveuse<\/li>\n<li>Am\u00e9lioration de la micro circulation et de la revascularisation<\/li>\n<li>Am\u00e9lioration de la relaxation musculaire et la gu\u00e9rison des tissus mous et des articulations<\/li>\n<li>Diminution de la douleur<\/li>\n<li>Ramollissement et diminution des tissus cicatriciels et des contractures<\/li>\n<\/ul>\n<p>[\/vc_column_text][\/vc_column_inner][vc_column_inner width=\u00a0\u00bb1\/3&Prime;][vc_single_image image=\u00a0\u00bb174&Prime; img_size=\u00a0\u00bbfull\u00a0\u00bb style=\u00a0\u00bbvc_box_outline\u00a0\u00bb][\/vc_column_inner][\/vc_row_inner][\/vc_column][\/vc_row]<\/p>\n<p>[vc_row full_width=\u00a0\u00bbstretch_row\u00a0\u00bb css=\u00a0\u00bb.vc_custom_1528467309126{background-image: url(http:\/\/motionmatters.ca\/wp-content\/uploads\/2018\/06\/CTA-Back.jpg?id=349) !important;background-position: center !important;background-repeat: no-repeat !important;background-size: cover !important;}\u00a0\u00bb][vc_column][vc_column_text css=\u00a0\u00bb.vc_custom_1530482961988{padding-top: 20px !important;padding-bottom: 20px !important;}\u00a0\u00bb]<\/p>\n<h2 style=\"text-align: center;\"><span style=\"color: #ffffff;\">Pour prendre rendez-vous ou pour vous inscrire \u00e0 nos classes, contactez-nous\u00a0<\/span><\/h2>\n<p>[\/vc_column_text][vc_row_inner][vc_column_inner width=\u00a0\u00bb1\/2&Prime;][vc_btn title=\u00a0\u00bbCall: (613) 237-4343&Prime; style=\u00a0\u00bbflat\u00a0\u00bb color=\u00a0\u00bbwhite\u00a0\u00bb size=\u00a0\u00bblg\u00a0\u00bb align=\u00a0\u00bbright\u00a0\u00bb i_icon_fontawesome=\u00a0\u00bbfa fa-phone\u00a0\u00bb add_icon=\u00a0\u00bbtrue\u00a0\u00bb link=\u00a0\u00bburl:tel%3A(613)%20237-4343|||\u00a0\u00bb][\/vc_column_inner][vc_column_inner width=\u00a0\u00bb1\/2&Prime;][vc_btn title=\u00a0\u00bbinfo@motionmatters.ca\u00a0\u00bb style=\u00a0\u00bbflat\u00a0\u00bb color=\u00a0\u00bbwhite\u00a0\u00bb size=\u00a0\u00bblg\u00a0\u00bb i_icon_fontawesome=\u00a0\u00bbfa fa-envelope-o\u00a0\u00bb add_icon=\u00a0\u00bbtrue\u00a0\u00bb link=\u00a0\u00bburl:mailto%3Ainfo%40motionmatters.ca|||\u00a0\u00bb][\/vc_column_inner][\/vc_row_inner][\/vc_column][\/vc_row]<\/p>\n<\/div>","protected":false},"excerpt":{"rendered":"<p>[vc_row gap=\u00a0\u00bb20&Prime;][vc_column width=\u00a0\u00bb1\/4&Prime; css=\u00a0\u00bb.vc_custom_1528507597054{background-color: rgba(221,239,255,0.35) !important;*background-color: rgb(221,239,255) !important;border-radius: 5px !important;}\u00a0\u00bb][\/vc_column][vc_column width=\u00a0\u00bb1\/4&Prime; css=\u00a0\u00bb.vc_custom_1528508833649{background-color: #f9f9f9 !important;border-radius: 5px !important;}\u00a0\u00bb][\/vc_column][vc_column width=\u00a0\u00bb1\/4&Prime; css=\u00a0\u00bb.vc_custom_1528507679249{background-color: rgba(221,239,255,0.35) !important;*background-color: rgb(221,239,255) !important;border-radius: 5px !important;}\u00a0\u00bb][\/vc_column][vc_column width=\u00a0\u00bb1\/4&Prime; css=\u00a0\u00bb.vc_custom_1528508840503{background-color:<span class=\"excerpt-hellip\"> [\u2026]<\/span><\/p>\n","protected":false},"author":2427,"featured_media":0,"parent":0,"menu_order":0,"comment_status":"closed","ping_status":"closed","template":"","meta":{"footnotes":""},"class_list":["post-794","page","type-page","status-publish","hentry"],"_links":{"self":[{"href":"https:\/\/motionmatters.ca\/fr\/wp-json\/wp\/v2\/pages\/794","targetHints":{"allow":["GET"]}}],"collection":[{"href":"https:\/\/motionmatters.ca\/fr\/wp-json\/wp\/v2\/pages"}],"about":[{"href":"https:\/\/motionmatters.ca\/fr\/wp-json\/wp\/v2\/types\/page"}],"author":[{"embeddable":true,"href":"https:\/\/motionmatters.ca\/fr\/wp-json\/wp\/v2\/users\/2427"}],"replies":[{"embeddable":true,"href":"https:\/\/motionmatters.ca\/fr\/wp-json\/wp\/v2\/comments?post=794"}],"version-history":[{"count":8,"href":"https:\/\/motionmatters.ca\/fr\/wp-json\/wp\/v2\/pages\/794\/revisions"}],"predecessor-version":[{"id":882,"href":"https:\/\/motionmatters.ca\/fr\/wp-json\/wp\/v2\/pages\/794\/revisions\/882"}],"wp:attachment":[{"href":"https:\/\/motionmatters.ca\/fr\/wp-json\/wp\/v2\/media?parent=794"}],"curies":[{"name":"wp","href":"https:\/\/api.w.org\/{rel}","templated":true}]}}