{"id":991,"date":"2018-11-29T15:57:24","date_gmt":"2018-11-29T15:57:24","guid":{"rendered":"http:\/\/motionmatters.ca\/?page_id=991"},"modified":"2018-11-29T16:00:15","modified_gmt":"2018-11-29T16:00:15","slug":"emma-aime","status":"publish","type":"page","link":"https:\/\/motionmatters.ca\/fr\/a-propos\/emma-aime\/","title":{"rendered":"Emma Aime"},"content":{"rendered":"<div class=\"wpb-content-wrapper\"><p>[vc_row][vc_column width=\u00a0\u00bb3\/4&Prime;][vc_row_inner][vc_column_inner width=\u00a0\u00bb1\/3&Prime;][vc_empty_space height=\u00a0\u00bb20px\u00a0\u00bb][vc_single_image image=\u00a0\u00bb972&Prime; img_size=\u00a0\u00bbfull\u00a0\u00bb style=\u00a0\u00bbvc_box_shadow_border\u00a0\u00bb][\/vc_column_inner][vc_column_inner width=\u00a0\u00bb2\/3&Prime;][vc_empty_space][vc_column_text]<em><strong>Physioth\u00e9rapeutes<\/strong><\/em><\/p>\n<h3>Emma Aime<\/h3>\n<p>[\/vc_column_text][vc_single_image image=\u00a0\u00bb255&Prime; img_size=\u00a0\u00bbfull\u00a0\u00bb css=\u00a0\u00bb.vc_custom_1528158089104{margin-top: 0px !important;padding-top: 0px !important;}\u00a0\u00bb][vc_column_text css=\u00a0\u00bb.vc_custom_1543506968101{margin-top: 0px !important;padding-top: 0px !important;}\u00a0\u00bb]<\/p>\n<h4><em>Emma est passionn\u00e9e par son travail et montre un int\u00e9r\u00eat marqu\u00e9 pour les traitements qui aident ses patients \u00e0 r\u00e9aliser leurs buts dans leurs activit\u00e9s quotidiennes ou dans leurs sports. Elle veut les aider \u00e0 retourner \u00e0 une vie active. Elle s\u2019int\u00e9resse beaucoup \u00e0 l\u2019orthop\u00e9die, aux traitements des blessures sportives, aux soins pr\u00e9- et post-chirurgicaux ainsi qu\u2019\u00e0 la r\u00e9adaptation des contusions c\u00e9r\u00e9brales.<\/em><\/h4>\n<p>[\/vc_column_text][\/vc_column_inner][\/vc_row_inner][vc_separator][vc_column_text]<\/p>\n<h6>Son approche th\u00e9rapeutique utilise une combinaison d\u2019interventions bas\u00e9es sur les besoins et les buts du patient. Ainsi, elle utilisera des traitements manuels, de l\u2019acupuncture, le Gua Sha (cupping) mais aussi un programme d\u2019exercices actifs afin d\u2019obtenir un r\u00e9sultat optimal.<\/h6>\n<p>[\/vc_column_text][vc_column_text css=\u00a0\u00bb.vc_custom_1543506998728{border-top-width: 1px !important;border-right-width: 1px !important;border-bottom-width: 1px !important;border-left-width: 1px !important;padding-top: 20px !important;padding-right: 20px !important;padding-bottom: 20px !important;padding-left: 20px !important;border-left-color: #bfbfbf !important;border-left-style: solid !important;border-right-color: #bfbfbf !important;border-right-style: solid !important;border-top-color: #bfbfbf !important;border-top-style: solid !important;border-bottom-color: #bfbfbf !important;border-bottom-style: solid !important;border-radius: 10px !important;}\u00a0\u00bb]<em><strong>Emma a un Doctorat en Physioth\u00e9rapie (DPT) de l\u2019universit\u00e9 Sacred Heart University de Fairfield au Connecticut. Elle termina son baccalaur\u00e9at \u00e0 l\u2019universit\u00e9 Clarkson \u00e0 Potsdam dans l\u2019\u00e9tat de New York alors qu\u2019elle jouait \u00e0 la NCAA Division I de la ligue de hockey f\u00e9minine.<\/strong><\/em>[\/vc_column_text][vc_column_text]Depuis qu\u2019elle est physioth\u00e9rapeute elle renforce ses connaissances cliniques gr\u00e2ce \u00e0 des cours postuniversitaires. Elle a ainsi obtenu une certification en acupuncture et pratique la technique des points de g\u00e2chette. Elle a \u00e9galement une formation certifi\u00e9e en th\u00e9rapie manuelle (CMT).[\/vc_column_text][vc_separator][vc_column_text]<\/p>\n<h6><em>Durant ses loisirs, Emma aime profiter d\u2019une vie active et sportive. Elle aime les sports sur glace tel que le hockey mais aussi la randonn\u00e9e dans le parc de la Gatineau et le patin sur le canal Rideau.<\/em><\/h6>\n<p>[\/vc_column_text][\/vc_column][vc_column width=\u00a0\u00bb1\/4&Prime;][vc_widget_sidebar sidebar_id=\u00a0\u00bbsidebar-our-team\u00a0\u00bb][\/vc_column][\/vc_row][vc_row full_width=\u00a0\u00bbstretch_row\u00a0\u00bb css=\u00a0\u00bb.vc_custom_1528467333985{background-image: url(http:\/\/motionmatters.ca\/wp-content\/uploads\/2018\/06\/CTA-Back.jpg?id=349) !important;background-position: center !important;background-repeat: no-repeat !important;background-size: cover !important;}\u00a0\u00bb][vc_column][vc_column_text css=\u00a0\u00bb.vc_custom_1533042412663{padding-top: 20px !important;padding-bottom: 20px !important;}\u00a0\u00bb]<\/p>\n<h2 style=\"text-align: center;\"><span style=\"color: #ffffff;\">Pour prendre rendez-vous ou pour vous inscrire \u00e0 nos classes, contactez-nous <\/span><\/h2>\n<p>[\/vc_column_text][vc_row_inner][vc_column_inner width=\u00a0\u00bb1\/2&Prime;][vc_btn title=\u00a0\u00bbCall: (613) 237-4343&Prime; style=\u00a0\u00bbflat\u00a0\u00bb color=\u00a0\u00bbwhite\u00a0\u00bb size=\u00a0\u00bblg\u00a0\u00bb align=\u00a0\u00bbright\u00a0\u00bb i_icon_fontawesome=\u00a0\u00bbfa fa-phone\u00a0\u00bb add_icon=\u00a0\u00bbtrue\u00a0\u00bb link=\u00a0\u00bburl:tel%3A(613)%20237-4343|||\u00a0\u00bb][\/vc_column_inner][vc_column_inner width=\u00a0\u00bb1\/2&Prime;][vc_btn title=\u00a0\u00bbinfo@motionmatters.ca\u00a0\u00bb style=\u00a0\u00bbflat\u00a0\u00bb color=\u00a0\u00bbwhite\u00a0\u00bb size=\u00a0\u00bblg\u00a0\u00bb i_icon_fontawesome=\u00a0\u00bbfa fa-envelope-o\u00a0\u00bb add_icon=\u00a0\u00bbtrue\u00a0\u00bb link=\u00a0\u00bburl:mailto%3Ainfo%40motionmatters.ca|||\u00a0\u00bb][\/vc_column_inner][\/vc_row_inner][\/vc_column][\/vc_row]<\/p>\n<\/div>","protected":false},"excerpt":{"rendered":"<p>[vc_row][vc_column width=\u00a0\u00bb3\/4&Prime;][vc_row_inner][vc_column_inner width=\u00a0\u00bb1\/3&Prime;][vc_empty_space height=\u00a0\u00bb20px\u00a0\u00bb][vc_single_image image=\u00a0\u00bb972&Prime; img_size=\u00a0\u00bbfull\u00a0\u00bb style=\u00a0\u00bbvc_box_shadow_border\u00a0\u00bb][\/vc_column_inner][vc_column_inner width=\u00a0\u00bb2\/3&Prime;][vc_empty_space][vc_column_text]Physioth\u00e9rapeutes Emma Aime [\/vc_column_text][vc_single_image image=\u00a0\u00bb255&Prime; img_size=\u00a0\u00bbfull\u00a0\u00bb css=\u00a0\u00bb.vc_custom_1528158089104{margin-top: 0px !important;padding-top: 0px !important;}\u00a0\u00bb][vc_column_text css=\u00a0\u00bb.vc_custom_1543506968101{margin-top: 0px !important;padding-top: 0px !important;}\u00a0\u00bb] Emma est passionn\u00e9e<span class=\"excerpt-hellip\"> [\u2026]<\/span><\/p>\n","protected":false},"author":2427,"featured_media":0,"parent":561,"menu_order":0,"comment_status":"closed","ping_status":"closed","template":"","meta":{"footnotes":""},"class_list":["post-991","page","type-page","status-publish","hentry"],"_links":{"self":[{"href":"https:\/\/motionmatters.ca\/fr\/wp-json\/wp\/v2\/pages\/991","targetHints":{"allow":["GET"]}}],"collection":[{"href":"https:\/\/motionmatters.ca\/fr\/wp-json\/wp\/v2\/pages"}],"about":[{"href":"https:\/\/motionmatters.ca\/fr\/wp-json\/wp\/v2\/types\/page"}],"author":[{"embeddable":true,"href":"https:\/\/motionmatters.ca\/fr\/wp-json\/wp\/v2\/users\/2427"}],"replies":[{"embeddable":true,"href":"https:\/\/motionmatters.ca\/fr\/wp-json\/wp\/v2\/comments?post=991"}],"version-history":[{"count":1,"href":"https:\/\/motionmatters.ca\/fr\/wp-json\/wp\/v2\/pages\/991\/revisions"}],"predecessor-version":[{"id":993,"href":"https:\/\/motionmatters.ca\/fr\/wp-json\/wp\/v2\/pages\/991\/revisions\/993"}],"up":[{"embeddable":true,"href":"https:\/\/motionmatters.ca\/fr\/wp-json\/wp\/v2\/pages\/561"}],"wp:attachment":[{"href":"https:\/\/motionmatters.ca\/fr\/wp-json\/wp\/v2\/media?parent=991"}],"curies":[{"name":"wp","href":"https:\/\/api.w.org\/{rel}","templated":true}]}}